{"id":7414,"date":"2023-04-24T21:15:51","date_gmt":"2023-04-25T00:15:51","guid":{"rendered":"https:\/\/www.ariadnatucma.com.ar\/?page_id=7414"},"modified":"2025-03-26T18:54:45","modified_gmt":"2025-03-26T21:54:45","slug":"normas-de-publicacion-de-atrl","status":"publish","type":"page","link":"https:\/\/www.ariadnatucma.com.ar\/?page_id=7414","title":{"rendered":"NORMAS DE PUBLICACI\u00d3N DE ATRL ISSN 1853-9467"},"content":{"rendered":"\n<p class=\"has-text-align-center has-white-color has-midnight-gradient-background has-text-color has-background has-large-font-size\"><em>Ariadna Tucma Revista Latinoamericana<\/em> (ATRL) ISSN 1853-9467, es una publicaci\u00f3n de Historia, Ciencias Sociales, Arte y Cultura.<\/p>\n\n\n\n<p class=\"has-text-align-center has-white-color has-midnight-gradient-background has-text-color has-background has-normal-font-size\"><br>ATRL est\u00e1 en red con la Asociaci\u00f3n de Historiadores Latinoamericanos y del Caribe (ADHILAC) <a href=\"http:\/\/www.adhilac.com.ar\" data-type=\"URL\" data-id=\"www.adhilac.com.ar\" target=\"_blank\" rel=\"noreferrer noopener\">www.adhilac.com.ar<\/a>.<br>Nuestro objetivo es acompa\u00f1ar y difundir las tareas de investigaci\u00f3n, reflexi\u00f3n, rese\u00f1as, an\u00e1lisis cr\u00edticos, congresos y otras actividades de los investigadores latinoamericanistas, como tambi\u00e9n de las artes y ciencias sociales en general.<br>Para favorecer la difusi\u00f3n de nuevos historiadores invitamos a colaborar en la secci\u00f3n de J\u00f3venes Investigadores de Historia y Ciencias Sociales<\/p>\n\n\n\n<p class=\"has-dark-gray-color has-text-color has-link-color wp-elements-d5d9a3f93e9d31268fbdbca0199bbeaf\">A continuaci\u00f3n se puede consultar: <\/p>\n\n\n\n<p class=\"has-dark-gray-color has-text-color\"><strong>I. Normas para la presentaci\u00f3n de trabajos a ATRL<\/strong><\/p>\n\n\n\n<p class=\"has-dark-gray-color has-text-color\"><strong>II. Criterios de evaluaci\u00f3n sobre los trabajos presentados a ATRL<\/strong><\/p>\n\n\n\n<p class=\"has-text-align-center\"><strong>Contacto: <a href=\"mailto:info@ariadnatucma.com.ar\">info@ariadnatucma.com.ar<\/a><\/strong><\/p>\n\n\n\n<hr class=\"wp-block-separator has-alpha-channel-opacity\"\/>\n\n\n\n<p class=\"has-white-color has-text-color has-background has-normal-font-size\" style=\"background:linear-gradient(135deg,rgb(2,3,129) 0%,rgb(40,116,252) 56%)\"><strong>I<\/strong>. <strong>Normas para el env\u00edo de texto para ATRL: Actualizaci\u00f3n 2023<\/strong><\/p>\n\n\n\n<p>Estas normas siguen la <em>Chicago Style Guide<\/em> (17Th Ed) para humanidades. <a href=\"#_edn1\" id=\"_ednref1\">[i]<\/a><\/p>\n\n\n\n<p>Las autoras\/es deben cumplir con las siguientes condiciones para que sus trabajos sean evaluados y publicados:<\/p>\n\n\n\n<p><strong>1<\/strong>.&nbsp; El trabajo debe ser <strong>in\u00e9dito<\/strong>, y no estar sometido a la evaluaci\u00f3n de otra publicaci\u00f3n (digital o no). En caso de haber sido publicado, consultar con la directiva de la revista ATRL.<\/p>\n\n\n\n<p><strong>2<\/strong>. <strong>Formato<\/strong>: el documento debe estar en Word para Windows o en formato txt.<\/p>\n\n\n\n<p><strong>3<\/strong>. <strong>El texto se encabeza con <\/strong><\/p>\n\n\n\n<p class=\"has-white-background-color has-background\">a.&nbsp; T\u00edtulo. Se sugiere no superar las 12 palabras. De manera concisa debe expresar el tema principal, identificar las variables o cuestiones te\u00f3ricas y las relaciones entre ellas. Se sugiere eliminar las palabras sin prop\u00f3sito \u00fatil.<br>b.&nbsp; Nombre y apellido del autor\/a\/es<\/p>\n\n\n\n<p><strong>4. Respecto del idioma, el resumen y las palabras clave<\/strong><\/p>\n\n\n\n<p class=\"has-white-background-color has-background\">a. Se podr\u00e1n presentar los trabajos en castellano, portugu\u00e9s, ingl\u00e9s y franc\u00e9s.<br>b. Todos los trabajos deber\u00e1n tener un resumen (hasta 300 palabras) y hasta 5 palabras clave en idioma original.<br>c. Adem\u00e1s todos los trabajos deber\u00e1n tener un resumen\/abstract en castellano, portugu\u00e9s y en ingl\u00e9s.<\/p>\n\n\n\n<p><strong>5. Datos de autor\u00eda<\/strong><\/p>\n\n\n\n<p class=\"has-white-background-color has-background\"><br>a. En una llamada a pie de p\u00e1gina debe constar un CV abreviado hasta 250 caracteres incluyendo la instituci\u00f3n a la que se pertenece.<br>b. Correo electr\u00f3nico.<\/p>\n\n\n\n<p><strong>6. Extensi\u00f3n del texto<\/strong><\/p>\n\n\n\n<p>El texto tendr\u00e1 un m\u00ednimo de 15.000 caracteres con espacios hasta 50.000 caracteres (con espacios) de m\u00e1ximo.<\/p>\n\n\n\n<p><strong>7.<\/strong> <strong>Im\u00e1genes<\/strong><\/p>\n\n\n\n<p>Las im\u00e1genes que acompa\u00f1en al art\u00edculo deben estar libres de derecho de autor y\/o disponerse de la cesi\u00f3n de los derechos de \u00e9stas para poder ser publicadas. Deben ser en formato JPG &nbsp;<strong>m\u00ednimo 150 dpi<\/strong>.<\/p>\n\n\n\n<p><strong>8.&nbsp; Recomendaciones para el texto<\/strong><\/p>\n\n\n\n<p class=\"has-white-background-color has-background\">. El texto debe ir en una (1) columna a simple espacio.<br>. Los punto y aparte son a doble espacio y sin sangr\u00eda.<br>. Las siglas se escriben en may\u00fasculas (OEA, ONU) y los acr\u00f3nimos en may\u00fasculas y min\u00fasculas (Mercosur).<br>. En el caso de incluir ejemplos, estos deben numerarse y estar separados por un espacio del cuerpo del texto.<br>. Las tablas no pueden ser m\u00e1s grandes que media p\u00e1gina y juntas no pueden sobrepasar las tres p\u00e1ginas.<br>. Las notas al pie deben ir al final del art\u00edculo.<br>. Si el trabajo que se presenta es el resultado de alguna investigaci\u00f3n o proyecto m\u00e1s amplio, indicar los datos necesarios de reconocimiento en una nota al pie.<br>. Cuando sea necesario incluir los datos de URL<\/p>\n\n\n\n<p class=\"has-dark-gray-color has-white-background-color has-text-color has-background\"><strong>9. El env\u00edo de un art\u00edculo a esta convocatoria de ATRL implica la aceptaci\u00f3n de las presentes bases.<\/strong><\/p>\n\n\n\n<hr class=\"wp-block-separator has-alpha-channel-opacity\"\/>\n\n\n\n<p class=\"has-text-align-center\"><strong>Contacto: <a href=\"mailto:info@ariadnatucma.com.ar\">info@ariadnatucma.com.ar<\/a><\/strong><\/p>\n\n\n\n<hr class=\"wp-block-separator has-alpha-channel-opacity\"\/>\n\n\n\n<p class=\"has-dark-gray-color has-text-color\"><strong>Referencias<\/strong><\/p>\n\n\n\n<p>No deben incluirse en la bibliograf\u00eda obras que no fueron citadas en el cuerpo del texto.<\/p>\n\n\n\n<p>Si el texto tiene m\u00e1s de cinco autoras\/es, se debe consignar el primer apellido seguido de et al. y luego el a\u00f1o de publicaci\u00f3n y, si correspondiera, las p\u00e1ginas.<\/p>\n\n\n\n<p>Para distintas obras de un mismo autor\/a y a\u00f1o, deben distinguirse, desde la primera menci\u00f3n, con una letra (a, b, c, etc.) pegada al a\u00f1o de publicaci\u00f3n.<\/p>\n\n\n\n<p>Si la referencia fuera a un volumen en particular, se debe colocar luego del a\u00f1o.<\/p>\n\n\n\n<p><strong>Citas cortas<\/strong><\/p>\n\n\n\n<p>Si las citas no exceden las tres l\u00edneas, deben insertarse en el texto, entre comillas dobles, indicando la fuente.<\/p>\n\n\n\n<p>Ejemplo:<\/p>\n\n\n\n<p>Miranda dice: \u201cCon todos estos antecedentes, y aguardando por instantes el que me metan en un calabozo, no me he atrevido a proponer volverme a La Habana como V. me dijo.\u201d<sup>28 0<\/sup><\/p>\n\n\n\n<p><strong>Citas largas<\/strong><\/p>\n\n\n\n<p>Las citas de m\u00e1s de tres l\u00edneas se tienen que colocar a bando, es decir, fuera del cuerpo principal del texto, sin comillas, con sangr\u00eda de un cent\u00edmetro, misma letra, dejando una l\u00ednea entre el texto y la cita e indicando la fuente de la cita al pie.<\/p>\n\n\n\n<p>Ejemplo:<\/p>\n\n\n\n<p class=\"has-white-background-color has-background\"><a><\/a>Con todos estos antecedentes, y aguardando por instantes el que me metan en un calabozo, no me he atrevido a proponer volverme a La Habana como V. me dijo. Ya puede V. considerar que esto nunca puede ser en m\u00ed, por falta de voluntad, pues soy consecuente y agradecido; la suerte y mi desgracia me persiguen duramente y creo que sin su extraordinario esfuerzo de la protecci\u00f3n de V. mi ruina ser\u00e1 infalible. Nunca, sin embargo, faltar\u00e9 a lo que tengo prometido a V., y s\u00f3lo le suplico por su honor me diga qu\u00e9 es lo que debo hacer en las presentes circunstancias, para tomar (si puedo) el partido que sea menos ruinoso a mi honor y a mi subsistencia <sup>28<\/sup><\/p>\n\n\n\n<p>Al final del texto escribimos el n\u00famero de nota, seguido de un punto y espacio y la referencia de la obra (luego veremos c\u00f3mo se redacta).<\/p>\n\n\n\n<p class=\"has-white-background-color has-background\"><sup>28<\/sup> En Francisco de Miranda: <em>Colombeia,<\/em> Caracas, Ediciones de la Presidencia, 1978, tomo I, pp. 586-593.<\/p>\n\n\n\n<p>No se deben utilizar cursivas para las citas textuales. No se pueden utilizar comillas francesas (\u00ab \u00bb). En el caso de que en el texto original figuren palabras o pasajes entrecomillados, estos deben llevar comillas simples en la transcripci\u00f3n.<\/p>\n\n\n\n<p>Cuando figuren cursivas en las citas textuales se debe indicar si el \u00e9nfasis pertenece al original o pertenece a quien escribe.<\/p>\n\n\n\n<p>No se debe indicar con puntos suspensivos que el texto proviene de un pasaje m\u00e1s extenso o que contin\u00faa luego de la cita, ni al comienzo de la cita ni al final. En cambio, s\u00ed se tienen que consignar los tres puntos enmarcados por corchetes para indicar la omisi\u00f3n de texto [\u2026] en medio de una cita textual.<\/p>\n\n\n\n<p>Los signos de puntuaci\u00f3n se deben colocar luego de las comillas de cierre, con la excepci\u00f3n de que la oraci\u00f3n o p\u00e1rrafo comience entrecomillada, en cuyo caso se tiene que incluir el signo de puntuaci\u00f3n dentro del entrecomillado.<\/p>\n\n\n\n<p><strong>Se sugiere acortar las notas al pie si se cita una fuente varias veces<\/strong><\/p>\n\n\n\n<p>Las notas a pie de p\u00e1gina abreviadas incluyen:<\/p>\n\n\n\n<p>. Apellido(s) del autor o autores.<\/p>\n\n\n\n<p>. Una versi\u00f3n abreviada del t\u00edtulo o los t\u00edtulos con m\u00e1s de cuatro palabras se reducen a unas tres palabras clave del t\u00edtulo principal.<\/p>\n\n\n\n<p>. El(los) n\u00famero(s) de p\u00e1gina. La 17\u00aa ed. desaconseja el uso de Ibid. para citas repetidas de la misma fuente.<\/p>\n\n\n\n<p><strong>Nota al pie de m\u00faltiples autores<\/strong><\/p>\n\n\n\n<p>Dos Autores: Nombre, Apellido del 1\u00ba autor y el 2\u00ba autor.<\/p>\n\n\n\n<p>Tres o m\u00e1s autores: Nombre, Apellido el 1\u00ba autor et alia.<\/p>\n\n\n\n<hr class=\"wp-block-separator has-alpha-channel-opacity\"\/>\n\n\n\n<p class=\"has-dark-gray-color has-text-color\"><strong>C\u00f3mo citar en la Bibliograf\u00eda y en las notas al pie (en este caso las colocamos al final del texto)<\/strong><\/p>\n\n\n\n<p>No incluir la bibliograf\u00eda no utilizada en el trabajo.<\/p>\n\n\n\n<p><strong>Libros<\/strong><\/p>\n\n\n\n<p>Apellido\/s y Nombre\/s del Autor. T\u00edtulo en it\u00e1lica. Datos publicaci\u00f3n.<\/p>\n\n\n\n<p>El nombre del autor se escribe de forma invertida (Apellido, Nombre), para una mejor ordenaci\u00f3n.<\/p>\n\n\n\n<p>Guerra Vilaboy, Sergio: <em>Jugar con fuego: guerra social y utop\u00eda en la independencia de Am\u00e9rica Latina<\/em>. La Habana. Fondo Editorial Casa de las Am\u00e9ricas. 2010.<\/p>\n\n\n\n<p>Si se trata de una edici\u00f3n distinta a la primera, la descripci\u00f3n abreviada de la edici\u00f3n sigue al t\u00edtulo.<\/p>\n\n\n\n<p>Guerra Vilaboy, Sergio: <em>Jugar con fuego: guerra social y utop\u00eda en la independencia de Am\u00e9rica Latina<\/em>. 2\u00aa edici\u00f3n. Unimagdalena. 2017.<\/p>\n\n\n\n<p>Si hay m\u00e1s de un autor, escribimos el primer nombre invertido y los dem\u00e1s nombres en el orden habitual.<\/p>\n\n\n\n<p>Basualdo, Eduardo M. y Miguel Khavisse: <em>El nuevo poder terrateniente, <\/em>Buenos Aires. Editorial Planeta. 1993<\/p>\n\n\n\n<p>Si tenemos varias entradas del mismo autor, las listamos por el autor y luego por el orden cronol\u00f3gico de las obras (de m\u00e1s antigua a m\u00e1s reciente) e indicamos el autor en todas ellas.<\/p>\n\n\n\n<p>Si son varias entradas del mismo autor y del mismo a\u00f1o, las ordenamos por el autor y luego por orden alfab\u00e9tico de las obras.<\/p>\n\n\n\n<p>Si tenemos que ordenar por el t\u00edtulo de la obra, si el t\u00edtulo comienza por art\u00edculo (el\/la\/los\/un\/unas, etc., o sus equivalentes en otros idiomas), \u00e9ste no se tiene en cuenta.<\/p>\n\n\n\n<p>Eric Hobsbawn: <em>En torno a los or\u00edgenes de la Revoluci\u00f3n Industrial.<\/em> Argentina. Siglo XXI. 1971.<\/p>\n\n\n\n<p>Eric Hobsbawn: <em>Revolucionarios. Ensayos contempor\u00e1neos.<\/em> Ariel. 1978<\/p>\n\n\n\n<p>Eric Hobsbawn<em>: La era del capital (1848-1875). Cr\u00edtica. 1988.<\/em><\/p>\n\n\n\n<p>Eric Hobsbawn: <em>Una historia econ\u00f3mica de Gran Breta\u00f1a. Barcelona<\/em>. Ariel. 1988.<\/p>\n\n\n\n<p>En las referencias bibliogr\u00e1ficas no se especifican n\u00fameros de p\u00e1ginas, salvo en ciertos casos como art\u00edculos de revista y cap\u00edtulos de libro.<\/p>\n\n\n\n<p><strong>Nota al pie (al final del texto)<\/strong><\/p>\n\n\n\n<p class=\"has-white-background-color has-background\"><sup>2 <\/sup>Sergio Guerra Vilaboy: <em>Jugar con fuego: guerra social y utop\u00eda en la independencia de Am\u00e9rica Latina<\/em>. La Habana. Fondo Editorial Casa de las Am\u00e9ricas. 2010. p.17<\/p>\n\n\n\n<p><strong>Notas siguientes<\/strong><\/p>\n\n\n\n<p class=\"has-white-background-color has-background\"><sup>4 <\/sup>Guerra Vilaboy: <em>Jugar con fuego<\/em>. p. 18<\/p>\n\n\n\n<p><strong>Autor institucional:<\/strong><\/p>\n\n\n\n<p>Si se trata de material sin fecha de publicaci\u00f3n, se utiliza \u201cs.f.\u201d. Si fue aceptado y est\u00e1 en proceso de publicaci\u00f3n, \u201cen prensa\u201d.<\/p>\n\n\n\n<p><strong>Manuscrito no publicado<\/strong><\/p>\n\n\n\n<p>P\u00e9rez, Andrea. s.f. <em>Estudios ling\u00fc\u00edsticos.<\/em> Buenos Aires: Facultad de Filosof\u00eda y Letras, Universidad de Buenos Aires. MS.<\/p>\n\n\n\n<p>P\u00e9rez, Andrea. 2001. <em>Avances de la ling\u00fc\u00edstica<\/em>. MS.<\/p>\n\n\n\n<p class=\"has-white-background-color has-background\"><strong>Autor desconocido: <\/strong>Las obras de referencia, los materiales legales y los editoriales de los peri\u00f3dicos suelen aparecer sin autor. Si no se da el autor y la fuente no ha sido escrita por una agencia u organizaci\u00f3n (ver arriba), comience la cita con el t\u00edtulo de la fuente. Ignore los art\u00edculos iniciales (la\/el\/las\/los\/un\/una) al ordenar alfab\u00e9ticamente las entradas en la bibliograf\u00eda.<\/p>\n\n\n\n<p><strong>Nota al pie (al final del texto)<\/strong><\/p>\n\n\n\n<p class=\"has-white-background-color has-background\"><sup>1<\/sup>. \u201cSafe Injection Facilities Save Lives,\u201d <em>Scientific American<\/em>, January 29, 2018, <a href=\"https:\/\/www.scientificamerican.com\/article\/safe-injection-facilities-%20save-lives\/\">https:\/\/www.scientificamerican.com\/article\/safe-injection-facilities- save-lives\/<\/a><\/p>\n\n\n\n<p><strong>Bibliograf\u00eda<\/strong><\/p>\n\n\n\n<p>\u201cSafe Injection Facilities Save Lives.\u201d <em>Scientific American<\/em>. January 29, 2018. <a href=\"https:\/\/www.scientificamerican.com\/article\/safe-injection-facilities-save-lives\">https:\/\/www.scientificamerican.com\/article\/safe-injection-facilities-save-lives<\/a><\/p>\n\n\n\n<p><strong>Fuente citada en otra fuente<\/strong><\/p>\n\n\n\n<p>Se desaconseja citar una fuente que fue citada dentro de otra fuente porque se espera que los autores examinen los trabajos a los que se refieren. Debe encontrar la fuente original siempre que sea posible. Sin embargo, si la misma no se puede localizar, se debe citar tanto la fuente original como la secundaria. Separe las fuentes con la frase \u201ccitado en\u201d.<\/p>\n\n\n\n<div style=\"height:20px\" aria-hidden=\"true\" class=\"wp-block-spacer\"><\/div>\n\n\n\n<p><strong>Cap\u00edtulo de libro con editoras\/es, compiladoras\/es, coordinadoras\/es<\/strong><\/p>\n\n\n\n<p><strong>Nota al pie (al final del texto)<\/strong><\/p>\n\n\n\n<p class=\"has-white-background-color has-background\"><sup>3 <\/sup>Roberto Cort\u00e9s Conde, \u201cHistoria econ\u00f3mica: Nuevos enfoques\u201d, en O. Cornblit, <em>Dilemas del conocimiento hist\u00f3rico. Argumentos y controversias<\/em>, Sudamericana, Buenos Aires, 1992.<\/p>\n\n\n\n<p class=\"has-white-background-color has-background\"><sup>4<\/sup> B.C. Crisorio: \u201cBelgrano: del reformismo ilustrado a la Revoluci\u00f3n\u201d en Alberto Gull\u00f3n Abao y Antonio Guti\u00e9rrez Escudero (coords): <em>La constituci\u00f3n gaditana de 1812 y sus repercusiones en Am\u00e9rica<\/em>, C\u00e1diz, Universidad de C\u00e1diz, 2012. Volumen I. pp. 309-323.<\/p>\n\n\n\n<p><strong>Bibliografia<\/strong><\/p>\n\n\n\n<p>Cort\u00e9s Conde, Roberto, \u201cHistoria econ\u00f3mica: Nuevos enfoques\u201d, en Cornblit, O., <em>Dilemas del conocimiento hist\u00f3rico. Argumentos y controversias<\/em>, Sudamericana, Buenos Aires, 1992.<\/p>\n\n\n\n<p>Crisorio, B.C.: \u201cBelgrano: del reformismo ilustrado a la Revoluci\u00f3n\u201d en Alberto Gull\u00f3n Abao y Antonio Guti\u00e9rrez Escudero (coords): <em>La constituci\u00f3n gaditana de 1812 y sus repercusiones en Am\u00e9rica<\/em>, C\u00e1diz, Universidad de C\u00e1diz, 2012. Volumen I. pp. 309-323.<\/p>\n\n\n\n<p><strong>Art\u00edculo de revista<\/strong><\/p>\n\n\n\n<p><strong>Notas al pie (al final de texto)<\/strong><\/p>\n\n\n\n<p class=\"has-white-background-color has-background\"><sup>5 <\/sup>Amado L. Cervo, \u201cSob o signo neoliberal: as rela\u00e7oes internacionais da America Latina\u201d en <em>Revista Argentina de Pol\u00edtica Internacional<\/em>, a\u00f1o 43, N\u00b0 2, Brasilia, 2000. p. 28.<\/p>\n\n\n\n<p class=\"has-white-background-color has-background\"><sup>2 <\/sup>R. Laufer y C. Spiguel: \u201cEuropa Occidental en las relaciones internacionales argentinas del mundo bipolar, 1970-1990\u201d, en <em>Ciclos en la historia, la econom\u00eda y la sociedad<\/em> No. 14-15, Buenos Aires, 1er. Semestre de 1998, pp.113-147.<\/p>\n\n\n\n<p><strong>Cita en Bibliograf\u00eda<\/strong><\/p>\n\n\n\n<p>Cervo, Amado L., \u201cSob o signo neoliberal: as rela\u00e7oes internacionais da America Latina\u201d en <em>Revista Argentina de Pol\u00edtica Internacional<\/em>, a\u00f1o 43, N\u00b0 2, Brasilia, 2000.<\/p>\n\n\n\n<p>Laufer, R. y C. Spiguel: \u201cEuropa Occidental en las relaciones internacionales argentinas del mundo bipolar, 1970-1990\u201d, en <em>Ciclos en la historia, la econom\u00eda y la sociedad<\/em> No. 14-15, Buenos Aires, 1er. Semestre de 1998, pp.113-147.<\/p>\n\n\n\n<p><strong>Art\u00edculo en l\u00ednea<\/strong><\/p>\n\n\n\n<p><strong>Notas al pie<\/strong><\/p>\n\n\n\n<p class=\"has-white-background-color has-background\"><sup>8 <\/sup>Claudio Spiguel: \u201cLa dependencia argentina y sus bases sociales internas: Una evaluaci\u00f3n historiogr\u00e1fica en torno a la gran burgues\u00eda intermediaria del capital extranjero\u201d. <em>Ariadna Tucma Revista Latinoamericana<\/em>. N\u00ba 7. Marzo 2012-Febrero 2013. <a href=\"https:\/\/www.ariadnatucma.com.ar\/?p=3100\">https:\/\/www.ariadnatucma.com.ar\/?p=3100<\/a>&nbsp;<\/p>\n\n\n\n<p><strong>Bibliograf\u00eda<\/strong><\/p>\n\n\n\n<p>Spiguel, Claudio: \u201cLa dependencia argentina y sus bases sociales internas: Una evaluaci\u00f3n historiogr\u00e1fica en torno a la gran burgues\u00eda intermediaria del capital extranjero\u201d. <em>Ariadna Tucma Revista Latinoamericana<\/em>. N\u00ba 7. Marzo 2012-Febrero 2013. <a href=\"https:\/\/www.ariadnatucma.com.ar\/?p=3100\">https:\/\/www.ariadnatucma.com.ar\/?p=3100<\/a><\/p>\n\n\n\n<p><strong>Tesis<\/strong><\/p>\n\n\n\n<p>Brettas, Anderson Claytom Ferreira: <em>Hippolyte Leon Denizard Rivail, ou Allan Kardec : um professor pestalozziano na Fran\u00e7a do tempo das revolu\u00e7\u00f5es<\/em>. 2013. 219 f. Tese (Doutorado em Ci\u00eancias Humanas) &#8211; Universidade Federal de Uberl\u00e2ndia, Uberl\u00e2ndia, 2013.<\/p>\n\n\n\n<p><strong>Ponencia de congreso<\/strong><\/p>\n\n\n\n<p>P\u00e9rez, Andrea. 1999. \u201cLa evoluci\u00f3n del dativo desde el lat\u00edn al espa\u00f1ol\u201d. 20 pp. Trabajo presentado a las I Jornadas de Estudiantes Investigadores de la Carrera de Letras, realizado en Buenos Aires del 29 al 30 de febrero de 1999.<\/p>\n\n\n\n<p>P\u00e9rez, Andrea. 2001. \u201cLa gram\u00e1tica y el m\u00e9todo comunicativo en las aulas de espa\u00f1ol\u201d. En Actas de las V Jornadas de Espa\u00f1ol Est\u00e1ndar. Buenos Aires: Editorial de la Facultad de Filosof\u00eda y Letras, pp. 39-65.<\/p>\n\n\n\n<p><strong>Pel\u00edcula<\/strong><\/p>\n\n\n\n<p>Se considera al guionista como el autor de una pel\u00edcula. En caso de hablar de un momento espec\u00edfico, debe se\u00f1alarse el minuto correspondiente<\/p>\n\n\n\n<p>Mankiewicz, Herman y Welles, Orson. <em>El ciudadano Kane<\/em>, dirigida por Orson Welles. Los \u00c1ngeles: Mercury Productions, RKO Pictures, 1941.<\/p>\n\n\n\n<hr class=\"wp-block-separator has-alpha-channel-opacity\"\/>\n\n\n\n<p>Se puede consultar el formato de Chicago Style Guide (17Th Ed) en esta misma p\u00e1gina.<\/p>\n\n\n\n<hr class=\"wp-block-separator has-alpha-channel-opacity\"\/>\n\n\n\n<p><a href=\"#_ednref1\" id=\"_edn1\">[i]<\/a> CHICAGO STYLE GUIDE (17TH ED.) NOTES &amp; BIBLIOGRAPHY STYLE: \u201cThis guide describes the humanities style (notes &amp; bibliography) that is preferred by many in the arts, literature, and history. The \u201cauthor-date\u201d style is reserved for the physical, natural and social sciences and is not covered by this guide. For more information please refer to The Chicago Manual of Style (CMOS), located behind the library reference desk (Ref Z253.U69 2017). For further information on electronic source documentation, visit the Chicago Manual of Style website: <a href=\"http:\/\/www.chicagomanualofstyle.org\/tools_citationguide\/citation-guide-1\">www.chicagomanualofstyle.org\/tools_citationguide\/citation-guide-1<\/a>.\u201d p. 1.<\/p>\n\n\n\n<hr class=\"wp-block-separator has-alpha-channel-opacity\"\/>\n\n\n\n<div style=\"height:20px\" aria-hidden=\"true\" class=\"wp-block-spacer\"><\/div>\n\n\n\n<div data-wp-interactive=\"core\/file\" class=\"wp-block-file\"><object data-wp-bind--hidden=\"!state.hasPdfPreview\" hidden class=\"wp-block-file__embed\" data=\"https:\/\/www.ariadnatucma.com.ar\/wp-content\/uploads\/2023\/07\/NORMAS-ATRL-2023-Presentacion-trabajos.pdf\" type=\"application\/pdf\" style=\"width:100%;height:600px\" aria-label=\"Incrustado de NORMAS ATRL 2023 para la presentaci\u00f3n de trabajos.\"><\/object><a id=\"wp-block-file--media-6b732ef1-ba72-4cae-8ccf-6936ada5f80e\" href=\"https:\/\/www.ariadnatucma.com.ar\/wp-content\/uploads\/2023\/07\/NORMAS-ATRL-2023-Presentacion-trabajos.pdf\">NORMAS ATRL 2023 para la presentaci\u00f3n de trabajos<\/a><a href=\"https:\/\/www.ariadnatucma.com.ar\/wp-content\/uploads\/2023\/07\/NORMAS-ATRL-2023-Presentacion-trabajos.pdf\" class=\"wp-block-file__button wp-element-button\" download aria-describedby=\"wp-block-file--media-6b732ef1-ba72-4cae-8ccf-6936ada5f80e\">Descarga<\/a><\/div>\n\n\n\n<div style=\"height:20px\" aria-hidden=\"true\" class=\"wp-block-spacer\"><\/div>\n\n\n\n<div data-wp-interactive=\"core\/file\" class=\"wp-block-file\"><object data-wp-bind--hidden=\"!state.hasPdfPreview\" hidden class=\"wp-block-file__embed\" data=\"https:\/\/www.ariadnatucma.com.ar\/wp-content\/uploads\/2023\/07\/Chicago_Manual_of_Style_17_Notes_and_Bibliography.pdf\" type=\"application\/pdf\" style=\"width:100%;height:600px\" aria-label=\"Incrustado de Chicago_Manual_of_Style_17_Notes_and_Bibliography.\"><\/object><a id=\"wp-block-file--media-67ded5e9-0398-4268-9c6c-b7f3e182e519\" href=\"https:\/\/www.ariadnatucma.com.ar\/wp-content\/uploads\/2023\/07\/Chicago_Manual_of_Style_17_Notes_and_Bibliography.pdf\">Chicago_Manual_of_Style_17_Notes_and_Bibliography<\/a><a href=\"https:\/\/www.ariadnatucma.com.ar\/wp-content\/uploads\/2023\/07\/Chicago_Manual_of_Style_17_Notes_and_Bibliography.pdf\" class=\"wp-block-file__button wp-element-button\" download aria-describedby=\"wp-block-file--media-67ded5e9-0398-4268-9c6c-b7f3e182e519\">Descarga<\/a><\/div>\n","protected":false},"excerpt":{"rendered":"<p>Ariadna Tucma Revista Latinoamericana (ATRL) ISSN 1853-9467, es una publicaci\u00f3n de Historia, Ciencias Sociales, Arte y Cultura. ATRL est\u00e1 en red con la Asociaci\u00f3n de Historiadores Latinoamericanos y del Caribe (ADHILAC) www.adhilac.com.ar.Nuestro objetivo es acompa\u00f1ar y difundir las tareas de investigaci\u00f3n, reflexi\u00f3n, rese\u00f1as, an\u00e1lisis cr\u00edticos, congresos y otras actividades de los investigadores latinoamericanistas, como tambi\u00e9n &hellip; <\/p>\n<p class=\"link-more\"><a href=\"https:\/\/www.ariadnatucma.com.ar\/?page_id=7414\" class=\"more-link\">Seguir leyendo<span class=\"screen-reader-text\"> \u00abNORMAS DE PUBLICACI\u00d3N DE ATRL ISSN 1853-9467\u00bb<\/span><\/a><\/p>\n","protected":false},"author":2,"featured_media":0,"parent":0,"menu_order":5,"comment_status":"closed","ping_status":"closed","template":"","meta":{"footnotes":""},"class_list":["post-7414","page","type-page","status-publish","hentry","entry"],"_links":{"self":[{"href":"https:\/\/www.ariadnatucma.com.ar\/index.php?rest_route=\/wp\/v2\/pages\/7414","targetHints":{"allow":["GET"]}}],"collection":[{"href":"https:\/\/www.ariadnatucma.com.ar\/index.php?rest_route=\/wp\/v2\/pages"}],"about":[{"href":"https:\/\/www.ariadnatucma.com.ar\/index.php?rest_route=\/wp\/v2\/types\/page"}],"author":[{"embeddable":true,"href":"https:\/\/www.ariadnatucma.com.ar\/index.php?rest_route=\/wp\/v2\/users\/2"}],"replies":[{"embeddable":true,"href":"https:\/\/www.ariadnatucma.com.ar\/index.php?rest_route=%2Fwp%2Fv2%2Fcomments&post=7414"}],"version-history":[{"count":20,"href":"https:\/\/www.ariadnatucma.com.ar\/index.php?rest_route=\/wp\/v2\/pages\/7414\/revisions"}],"predecessor-version":[{"id":7534,"href":"https:\/\/www.ariadnatucma.com.ar\/index.php?rest_route=\/wp\/v2\/pages\/7414\/revisions\/7534"}],"wp:attachment":[{"href":"https:\/\/www.ariadnatucma.com.ar\/index.php?rest_route=%2Fwp%2Fv2%2Fmedia&parent=7414"}],"curies":[{"name":"wp","href":"https:\/\/api.w.org\/{rel}","templated":true}]}}