{"id":6200,"date":"2019-09-20T20:06:18","date_gmt":"2019-09-20T23:06:18","guid":{"rendered":"http:\/\/www.ariadnatucma.com.ar\/?page_id=6200"},"modified":"2022-08-24T11:39:04","modified_gmt":"2022-08-24T14:39:04","slug":"ariadna-tucma-revista-latinoamericana-no-9-marzo-2014-febrero-2015","status":"publish","type":"page","link":"https:\/\/www.ariadnatucma.com.ar\/?page_id=6200","title":{"rendered":"Ariadna Tucma Revista Latinoamericana N\u00ba 9 Marzo 2014 \u2013 Febrero 2015"},"content":{"rendered":"\n<p>VOLUMEN I<\/p>\n\n\n\n<p>I. HISTORIA DE AMERICA LATINA Y EL CARIBE SIGLO XIX<\/p>\n\n\n\n<div class=\"wp-block-media-text alignwide is-stacked-on-mobile has-background\" style=\"background:linear-gradient(135deg,rgb(238,238,238) 67%,rgb(169,184,195) 100%)\"><figure class=\"wp-block-media-text__media\"><img loading=\"lazy\" decoding=\"async\" width=\"289\" height=\"425\" src=\"http:\/\/www.ariadnatucma.com.ar\/wp-content\/uploads\/2014\/01\/BenjaminFranklin.jpg\" alt=\"\" class=\"wp-image-4583 size-full\" srcset=\"https:\/\/www.ariadnatucma.com.ar\/wp-content\/uploads\/2014\/01\/BenjaminFranklin.jpg 289w, https:\/\/www.ariadnatucma.com.ar\/wp-content\/uploads\/2014\/01\/BenjaminFranklin-204x300.jpg 204w\" sizes=\"auto, (max-width: 289px) 100vw, 289px\" \/><\/figure><div class=\"wp-block-media-text__content\">\n<p class=\"has-text-align-right has-dark-gray-color has-white-background-color has-text-color has-background has-normal-font-size\"><a href=\"http:\/\/www.ariadnatucma.com.ar\/?p=4573\">Cuba en la \u201chora cero\u201d de la independencia norteamericana.<\/a> Wilfredo Padr\u00f3n Iglesias<\/p>\n<\/div><\/div>\n\n\n\n<p>II. HISTORIA DE AMERICA LATINA Y EL CARIBE SIGLO XX <\/p>\n\n\n\n<p>II.a. CONFLICTO SOCIAL, PROCESOS REFORMISTAS, REVOLUCIONARIOS Y REPRESION EN AMERICA LATINA Y EL CARIBE.<\/p>\n\n\n\n<div class=\"wp-block-media-text alignwide has-media-on-the-right is-stacked-on-mobile has-white-background-color has-background\"><figure class=\"wp-block-media-text__media\"><img loading=\"lazy\" decoding=\"async\" width=\"330\" height=\"471\" src=\"http:\/\/www.ariadnatucma.com.ar\/wp-content\/uploads\/2014\/01\/rodavivaChicoBuarque.jpg\" alt=\"\" class=\"wp-image-4502 size-full\" srcset=\"https:\/\/www.ariadnatucma.com.ar\/wp-content\/uploads\/2014\/01\/rodavivaChicoBuarque.jpg 330w, https:\/\/www.ariadnatucma.com.ar\/wp-content\/uploads\/2014\/01\/rodavivaChicoBuarque-210x300.jpg 210w\" sizes=\"auto, (max-width: 330px) 100vw, 330px\" \/><\/figure><div class=\"wp-block-media-text__content\">\n<p class=\"has-normal-font-size\"><a href=\"http:\/\/www.ariadnatucma.com.ar\/?p=4500\">Revolu\u00e7\u00e3o nacional ou continental? O Partido Comunista do Brasil sob o impacto da Revolu\u00e7\u00e3o Cubana.<\/a>  Patricia Sposito Mechi<\/p>\n<\/div><\/div>\n\n\n\n<div class=\"wp-block-media-text alignwide is-stacked-on-mobile has-background\" style=\"background:linear-gradient(135deg,rgb(238,238,238) 65%,rgb(169,184,195) 100%)\"><figure class=\"wp-block-media-text__media\"><img loading=\"lazy\" decoding=\"async\" width=\"917\" height=\"1024\" src=\"http:\/\/www.ariadnatucma.com.ar\/wp-content\/uploads\/2014\/01\/Salvador-Allende-010-03-917x1024.jpg\" alt=\"Salvador Allende\" class=\"wp-image-4568 size-full\" srcset=\"https:\/\/www.ariadnatucma.com.ar\/wp-content\/uploads\/2014\/01\/Salvador-Allende-010-03-917x1024.jpg 917w, https:\/\/www.ariadnatucma.com.ar\/wp-content\/uploads\/2014\/01\/Salvador-Allende-010-03-268x300.jpg 268w, https:\/\/www.ariadnatucma.com.ar\/wp-content\/uploads\/2014\/01\/Salvador-Allende-010-03.jpg 1587w\" sizes=\"auto, (max-width: 917px) 100vw, 917px\" \/><\/figure><div class=\"wp-block-media-text__content\">\n<p class=\"has-text-align-right\"><a href=\"http:\/\/www.ariadnatucma.com.ar\/?p=4539\">A 40 a\u00f1os, Hacia una Nueva Mayor\u00eda. Aprendiendo de la Historia<\/a><br> Oscar Az\u00f3car<\/p>\n<\/div><\/div>\n\n\n\n<p class=\"has-vivid-cyan-blue-color has-text-color has-huge-font-size\">\u21e8<\/p>\n\n\n\n<p><a href=\"http:\/\/www.ariadnatucma.com.ar\/?page_id=6091\">VOLVER AL INDICE<\/a><\/p>\n\n\n\n<div class=\"wp-block-media-text alignwide has-media-on-the-right is-stacked-on-mobile\"><figure class=\"wp-block-media-text__media\"><img loading=\"lazy\" decoding=\"async\" width=\"525\" height=\"302\" src=\"http:\/\/www.ariadnatucma.com.ar\/wp-content\/uploads\/2019\/08\/Ariadna-escudo-04-completo-14-FIRMA-revista-chico.jpg\" alt=\"\" class=\"wp-image-5704 size-full\" srcset=\"https:\/\/www.ariadnatucma.com.ar\/wp-content\/uploads\/2019\/08\/Ariadna-escudo-04-completo-14-FIRMA-revista-chico.jpg 525w, https:\/\/www.ariadnatucma.com.ar\/wp-content\/uploads\/2019\/08\/Ariadna-escudo-04-completo-14-FIRMA-revista-chico-300x173.jpg 300w\" sizes=\"auto, (max-width: 525px) 100vw, 525px\" \/><\/figure><div class=\"wp-block-media-text__content\">\n<p class=\"has-text-align-center has-text-color\" style=\"color:#0576a7;font-size:15.5px\">Ariadna Tucma Revista Latinoamericana<\/p>\n\n\n\n<p class=\"has-text-align-center has-text-color\" style=\"color:#0576a7;font-size:15.5px\">ISSN 1853-9467 <\/p>\n<\/div><\/div>\n\n\n\n<!--nextpage-->\n\n\n\n<p>II.b. EL ESTADO Y EL SECTOR PRIVADO EN AMERICA LATINA Y EL CARIBE<\/p>\n\n\n\n<div class=\"wp-block-media-text alignwide has-media-on-the-right is-stacked-on-mobile has-white-background-color has-background\"><figure class=\"wp-block-media-text__media\"><img loading=\"lazy\" decoding=\"async\" width=\"460\" height=\"310\" src=\"http:\/\/www.ariadnatucma.com.ar\/wp-content\/uploads\/2014\/02\/Frondizi-Frigerio.jpg\" alt=\"\" class=\"wp-image-4603 size-full\" srcset=\"https:\/\/www.ariadnatucma.com.ar\/wp-content\/uploads\/2014\/02\/Frondizi-Frigerio.jpg 460w, https:\/\/www.ariadnatucma.com.ar\/wp-content\/uploads\/2014\/02\/Frondizi-Frigerio-300x202.jpg 300w\" sizes=\"auto, (max-width: 460px) 100vw, 460px\" \/><\/figure><div class=\"wp-block-media-text__content\">\n<p class=\"has-normal-font-size\"><a href=\"http:\/\/www.ariadnatucma.com.ar\/?p=4557\">Testimonios y explicaciones del \u201cgiro\u201d de la pol\u00edtica petrolera de Frondizi.<\/a> Pablo Jaitte<\/p>\n<\/div><\/div>\n\n\n\n<div class=\"wp-block-media-text alignwide is-stacked-on-mobile has-white-background-color has-background\"><figure class=\"wp-block-media-text__media\"><img loading=\"lazy\" decoding=\"async\" width=\"340\" height=\"255\" src=\"http:\/\/www.ariadnatucma.com.ar\/wp-content\/uploads\/2014\/01\/guerra-agua.jpg\" alt=\"\" class=\"wp-image-4446 size-full\" srcset=\"https:\/\/www.ariadnatucma.com.ar\/wp-content\/uploads\/2014\/01\/guerra-agua.jpg 340w, https:\/\/www.ariadnatucma.com.ar\/wp-content\/uploads\/2014\/01\/guerra-agua-300x225.jpg 300w\" sizes=\"auto, (max-width: 340px) 100vw, 340px\" \/><\/figure><div class=\"wp-block-media-text__content\">\n<p class=\"has-text-align-right has-normal-font-size\"><a href=\"http:\/\/www.ariadnatucma.com.ar\/?p=4513\">Estado Patrimonialista e privatiza\u00e7\u00e3o do espa\u00e7o p\u00fablico no M\u00e9xico, sob a perspectiva de Octavio Paz.<\/a> Ival de Assis Cripa<\/p>\n<\/div><\/div>\n\n\n\n<p> I.c. ECONOMIA SOCIAL Y SOLIDARIA EN AMERICA LATINA Y EL CARIBE <\/p>\n\n\n\n<div class=\"wp-block-media-text alignwide has-media-on-the-right is-stacked-on-mobile has-white-background-color has-background\"><figure class=\"wp-block-media-text__media\"><img loading=\"lazy\" decoding=\"async\" width=\"621\" height=\"465\" src=\"http:\/\/www.ariadnatucma.com.ar\/wp-content\/uploads\/2014\/01\/Moises-Ville-grupo-familia-02.jpg\" alt=\"\" class=\"wp-image-4455 size-full\" srcset=\"https:\/\/www.ariadnatucma.com.ar\/wp-content\/uploads\/2014\/01\/Moises-Ville-grupo-familia-02.jpg 621w, https:\/\/www.ariadnatucma.com.ar\/wp-content\/uploads\/2014\/01\/Moises-Ville-grupo-familia-02-300x224.jpg 300w\" sizes=\"auto, (max-width: 621px) 100vw, 621px\" \/><\/figure><div class=\"wp-block-media-text__content\">\n<p><a href=\"http:\/\/www.ariadnatucma.com.ar\/?p=4477\">Rivera. \u201cPioneros, Granjeros y Unidos\u201d. De las Sociedades de Beneficencia y Socorro Mutuo al Cooperativismo.<\/a> Alejandro Pisnoy<\/p>\n<\/div><\/div>\n\n\n\n<p>III. LA HISTORIA EN LAS ARTES<\/p>\n\n\n\n<div class=\"wp-block-media-text alignwide is-stacked-on-mobile has-white-background-color has-background\"><figure class=\"wp-block-media-text__media\"><img loading=\"lazy\" decoding=\"async\" width=\"1024\" height=\"768\" src=\"http:\/\/www.ariadnatucma.com.ar\/wp-content\/uploads\/2014\/01\/FORA-1024x768.jpg\" alt=\"FORA\" class=\"wp-image-4420 size-full\" srcset=\"https:\/\/www.ariadnatucma.com.ar\/wp-content\/uploads\/2014\/01\/FORA-1024x768.jpg 1024w, https:\/\/www.ariadnatucma.com.ar\/wp-content\/uploads\/2014\/01\/FORA-300x225.jpg 300w\" sizes=\"auto, (max-width: 1024px) 100vw, 1024px\" \/><\/figure><div class=\"wp-block-media-text__content\">\n<p class=\"has-text-align-right has-white-background-color has-background has-normal-font-size\"><a href=\"http:\/\/www.ariadnatucma.com.ar\/?p=4416\">La Conquista de Am\u00e9rica Latina en el imaginario del teatro obrero combativo de inicios del siglo XX en la Argentina.<\/a> Carlos Fos<\/p>\n<\/div><\/div>\n\n\n\n<p class=\"has-vivid-cyan-blue-color has-text-color has-huge-font-size\">\u21e8<\/p>\n\n\n\n<p class=\"has-luminous-vivid-orange-color has-text-color has-huge-font-size\">\u21e6<\/p>\n\n\n\n<p><a href=\"http:\/\/www.ariadnatucma.com.ar\/?page_id=6091\">VOLVER AL INDICE<\/a><\/p>\n\n\n\n<div class=\"wp-block-media-text alignwide has-media-on-the-right is-stacked-on-mobile\"><figure class=\"wp-block-media-text__media\"><img loading=\"lazy\" decoding=\"async\" width=\"525\" height=\"302\" src=\"http:\/\/www.ariadnatucma.com.ar\/wp-content\/uploads\/2019\/08\/Ariadna-escudo-04-completo-14-FIRMA-revista-chico.jpg\" alt=\"\" class=\"wp-image-5704 size-full\" srcset=\"https:\/\/www.ariadnatucma.com.ar\/wp-content\/uploads\/2019\/08\/Ariadna-escudo-04-completo-14-FIRMA-revista-chico.jpg 525w, https:\/\/www.ariadnatucma.com.ar\/wp-content\/uploads\/2019\/08\/Ariadna-escudo-04-completo-14-FIRMA-revista-chico-300x173.jpg 300w\" sizes=\"auto, (max-width: 525px) 100vw, 525px\" \/><\/figure><div class=\"wp-block-media-text__content\">\n<p class=\"has-text-align-center has-text-color\" style=\"color:#0576a7;font-size:15.5px\">Ariadna Tucma Revista Latinoamericana<\/p>\n\n\n\n<p class=\"has-text-align-center has-text-color\" style=\"color:#0576a7;font-size:15.5px\">ISSN 1853-9467 <\/p>\n<\/div><\/div>\n\n\n\n<!--nextpage-->\n\n\n\n<p> ARIADNA TUCMA N\u00ba 9 Marzo 2014 \u2013 Febrero 2015<br> VOLUMEN II<\/p>\n\n\n\n<p>I. HISTORIA DE AMERICA LATINA Y EL CARIBE SIGLOS XX Y XXI<\/p>\n\n\n\n<div class=\"wp-block-media-text alignwide is-stacked-on-mobile has-background\" style=\"background:linear-gradient(135deg,rgb(238,238,238) 84%,rgb(169,184,195) 100%)\"><figure class=\"wp-block-media-text__media\"><img loading=\"lazy\" decoding=\"async\" width=\"350\" height=\"288\" src=\"http:\/\/www.ariadnatucma.com.ar\/wp-content\/uploads\/2014\/08\/chomsky.jpg\" alt=\"\" class=\"wp-image-4731 size-full\" srcset=\"https:\/\/www.ariadnatucma.com.ar\/wp-content\/uploads\/2014\/08\/chomsky.jpg 350w, https:\/\/www.ariadnatucma.com.ar\/wp-content\/uploads\/2014\/08\/chomsky-300x246.jpg 300w\" sizes=\"auto, (max-width: 350px) 100vw, 350px\" \/><\/figure><div class=\"wp-block-media-text__content\">\n<p class=\"has-text-align-right has-normal-font-size\"><a href=\"http:\/\/www.ariadnatucma.com.ar\/?p=4728\">A \u00e1guila e suas garras: EUA, Chomsky e Nicar\u00e1gua<\/a><em>. <\/em>Michel Justamand.<\/p>\n<\/div><\/div>\n\n\n\n<div class=\"wp-block-media-text alignwide has-media-on-the-right is-stacked-on-mobile has-pale-ocean-gradient-background has-background\"><figure class=\"wp-block-media-text__media\"><img loading=\"lazy\" decoding=\"async\" width=\"340\" height=\"168\" src=\"http:\/\/www.ariadnatucma.com.ar\/wp-content\/uploads\/2010\/12\/zapata_emiliano-1914-con-sus-hombres-chico1.jpg\" alt=\"\" class=\"wp-image-1406 size-full\"\/><\/figure><div class=\"wp-block-media-text__content\">\n<div style=\"height:31px\" aria-hidden=\"true\" class=\"wp-block-spacer\"><\/div>\n\n\n\n<p class=\"has-normal-font-size\"><a href=\"http:\/\/www.ariadnatucma.com.ar\/?p=4767\">Impacto de la Revoluci\u00f3n Mexicana en Am\u00e9rica Latina y Cuba.<\/a> <\/p>\n\n\n\n<p class=\"has-normal-font-size\">Sergio Guerra Vilaboy<\/p>\n\n\n\n<div style=\"height:31px\" aria-hidden=\"true\" class=\"wp-block-spacer\"><\/div>\n<\/div><\/div>\n\n\n\n<div class=\"wp-block-media-text alignwide is-stacked-on-mobile has-white-background-color has-background\"><figure class=\"wp-block-media-text__media\"><img loading=\"lazy\" decoding=\"async\" width=\"510\" height=\"421\" src=\"http:\/\/www.ariadnatucma.com.ar\/wp-content\/uploads\/2015\/07\/Lazaro-Cardenas-10b-.jpg\" alt=\"Lazaro Cardenas\" class=\"wp-image-5068 size-full\" srcset=\"https:\/\/www.ariadnatucma.com.ar\/wp-content\/uploads\/2015\/07\/Lazaro-Cardenas-10b-.jpg 510w, https:\/\/www.ariadnatucma.com.ar\/wp-content\/uploads\/2015\/07\/Lazaro-Cardenas-10b--300x247.jpg 300w\" sizes=\"auto, (max-width: 510px) 100vw, 510px\" \/><\/figure><div class=\"wp-block-media-text__content\">\n<p class=\"has-text-align-right has-normal-font-size\"><a href=\"http:\/\/www.ariadnatucma.com.ar\/?p=5066\">Pol\u00edticas de Massas, Reforma Agr\u00e1ria e Nacionaliza\u00e7\u00e3o da Explora\u00e7\u00e3o do Petr\u00f3leo no M\u00e9xico na \u00c9poca de C\u00e1rdenas entre 1934-1940:um modelo para Hugo Chaves e Evo Morales<\/a>? Ival de Assis Cripa<\/p>\n<\/div><\/div>\n\n\n\n<p>II. ENSE\u00d1ANZA DE LA HISTORIA DE AM\u00c9RICA LATINA Y EL CARIBE EN NUESTRA AM\u00c9RICA<\/p>\n\n\n\n<div class=\"wp-block-media-text alignwide has-media-on-the-right is-stacked-on-mobile has-background\" style=\"background:linear-gradient(135deg,rgb(238,238,238) 68%,rgb(169,184,195) 100%)\"><figure class=\"wp-block-media-text__media\"><img loading=\"lazy\" decoding=\"async\" width=\"414\" height=\"277\" src=\"http:\/\/www.ariadnatucma.com.ar\/wp-content\/uploads\/2015\/03\/Nicolas-Kogan-20.jpg\" alt=\"\" class=\"wp-image-5059 size-full\" srcset=\"https:\/\/www.ariadnatucma.com.ar\/wp-content\/uploads\/2015\/03\/Nicolas-Kogan-20.jpg 414w, https:\/\/www.ariadnatucma.com.ar\/wp-content\/uploads\/2015\/03\/Nicolas-Kogan-20-300x200.jpg 300w\" sizes=\"auto, (max-width: 414px) 100vw, 414px\" \/><\/figure><div class=\"wp-block-media-text__content\">\n<div style=\"height:31px\" aria-hidden=\"true\" class=\"wp-block-spacer\"><\/div>\n\n\n\n<p class=\"has-normal-font-size\"><a href=\"http:\/\/www.ariadnatucma.com.ar\/?p=5041\">La ense\u00f1anza de la Conquista de Am\u00e9rica en las escuelas primarias. Un problema con historia.<\/a> Nicol\u00e1s Kogan. <\/p>\n\n\n\n<div style=\"height:33px\" aria-hidden=\"true\" class=\"wp-block-spacer\"><\/div>\n<\/div><\/div>\n\n\n\n<p>III. RESE\u00d1AS <\/p>\n\n\n\n<div class=\"wp-block-media-text alignwide is-stacked-on-mobile has-background\" style=\"background:linear-gradient(135deg,rgb(255,245,203) 0%,rgb(182,227,212) 76%,rgb(51,167,181) 100%)\"><figure class=\"wp-block-media-text__media\"><img loading=\"lazy\" decoding=\"async\" width=\"278\" height=\"181\" src=\"http:\/\/www.ariadnatucma.com.ar\/wp-content\/uploads\/2014\/06\/estadio-nacional.jpg\" alt=\"\" class=\"wp-image-4710 size-full\"\/><\/figure><div class=\"wp-block-media-text__content\">\n<p class=\"has-text-align-right has-normal-font-size\"><a href=\"http:\/\/www.ariadnatucma.com.ar\/?p=4705\">Rese\u00f1a<em> \u00ab<\/em>Mu\u00f1oz, Heraldo. \u2018La sombra del dictador: una memoria pol\u00edtica de la vida bajo el r\u00e9gimen de Augusto Pinochet\u2019.\u201d<\/a>\u00a0<\/p>\n\n\n\n<p class=\"has-text-align-right has-normal-font-size\">Luan Aiu\u00e1 Vasconcelos Fernandes<\/p>\n<\/div><\/div>\n\n\n\n<p class=\"has-luminous-vivid-orange-color has-text-color has-huge-font-size\">\u21e6<\/p>\n\n\n\n<p><a href=\"http:\/\/www.ariadnatucma.com.ar\/?page_id=6091\">VOLVER AL INDICE<\/a><\/p>\n\n\n\n<p class=\"has-text-align-center has-text-color has-background\" style=\"background-color:#fdf7f1;color:#147aa6;font-size:16.5px\">ARIADNA TUCMA Revista Latinoamericana<\/p>\n\n\n\n<p class=\"has-text-align-center has-text-color has-background\" style=\"background-color:#fdf7f1;color:#147aa6;font-size:16.5px\">ISSN 1853-9467 <\/p>\n\n\n\n<p class=\"has-text-align-center has-text-color has-background\" style=\"background-color:#fdf7f1;color:#147aa6;font-size:16.5px\">info@ariadnatucma.com.ar<\/p>\n\n\n\n<p class=\"has-text-align-center has-text-color has-background\" style=\"background-color:#fdf7f1;color:#147aa6;font-size:16.5px\">Revista de la Asociaci\u00f3n de Historiadores Latinoamericanos y del Caribe (ADHILAC)<strong> <\/strong><\/p>\n\n\n\n<p class=\"has-text-align-center has-text-color has-background\" style=\"background-color:#fdf7f1;color:#147aa6;font-size:16.5px\">www.adhilac.com.ar <\/p>\n\n\n\n<p class=\"has-text-align-center has-text-color has-background\" style=\"background-color:#fdf7f1;color:#147aa6;font-size:16.5px\">info@adhilac.com.ar <\/p>\n\n\n\n<p class=\"has-text-align-center has-text-color has-background\" style=\"background-color:#fdf7f1;color:#147aa6;font-size:16.5px\">@AdhilacInfo<\/p>\n","protected":false},"excerpt":{"rendered":"<p>VOLUMEN I I. HISTORIA DE AMERICA LATINA Y EL CARIBE SIGLO XIX Cuba en la \u201chora cero\u201d de la independencia norteamericana. Wilfredo Padr\u00f3n Iglesias II. HISTORIA DE AMERICA LATINA Y EL CARIBE SIGLO XX II.a. CONFLICTO SOCIAL, PROCESOS REFORMISTAS, REVOLUCIONARIOS Y REPRESION EN AMERICA LATINA Y EL CARIBE. Revolu\u00e7\u00e3o nacional ou continental? O Partido Comunista &hellip; <\/p>\n<p class=\"link-more\"><a href=\"https:\/\/www.ariadnatucma.com.ar\/?page_id=6200\" class=\"more-link\">Seguir leyendo<span class=\"screen-reader-text\"> \u00abAriadna Tucma Revista Latinoamericana N\u00ba 9 Marzo 2014 \u2013 Febrero 2015\u00bb<\/span><\/a><\/p>\n","protected":false},"author":2,"featured_media":0,"parent":6091,"menu_order":9,"comment_status":"closed","ping_status":"closed","template":"","meta":{"footnotes":""},"class_list":["post-6200","page","type-page","status-publish","hentry","entry"],"_links":{"self":[{"href":"https:\/\/www.ariadnatucma.com.ar\/index.php?rest_route=\/wp\/v2\/pages\/6200","targetHints":{"allow":["GET"]}}],"collection":[{"href":"https:\/\/www.ariadnatucma.com.ar\/index.php?rest_route=\/wp\/v2\/pages"}],"about":[{"href":"https:\/\/www.ariadnatucma.com.ar\/index.php?rest_route=\/wp\/v2\/types\/page"}],"author":[{"embeddable":true,"href":"https:\/\/www.ariadnatucma.com.ar\/index.php?rest_route=\/wp\/v2\/users\/2"}],"replies":[{"embeddable":true,"href":"https:\/\/www.ariadnatucma.com.ar\/index.php?rest_route=%2Fwp%2Fv2%2Fcomments&post=6200"}],"version-history":[{"count":10,"href":"https:\/\/www.ariadnatucma.com.ar\/index.php?rest_route=\/wp\/v2\/pages\/6200\/revisions"}],"predecessor-version":[{"id":6841,"href":"https:\/\/www.ariadnatucma.com.ar\/index.php?rest_route=\/wp\/v2\/pages\/6200\/revisions\/6841"}],"up":[{"embeddable":true,"href":"https:\/\/www.ariadnatucma.com.ar\/index.php?rest_route=\/wp\/v2\/pages\/6091"}],"wp:attachment":[{"href":"https:\/\/www.ariadnatucma.com.ar\/index.php?rest_route=%2Fwp%2Fv2%2Fmedia&parent=6200"}],"curies":[{"name":"wp","href":"https:\/\/api.w.org\/{rel}","templated":true}]}}