{"id":6159,"date":"2019-09-19T17:52:21","date_gmt":"2019-09-19T20:52:21","guid":{"rendered":"http:\/\/www.ariadnatucma.com.ar\/?page_id=6159"},"modified":"2026-04-04T18:12:41","modified_gmt":"2026-04-04T21:12:41","slug":"ariadna-tucma-no-6-marzo-2011-febrero-2012","status":"publish","type":"page","link":"https:\/\/www.ariadnatucma.com.ar\/?page_id=6159","title":{"rendered":"Ariadna Tucma N\u00ba 6 Marzo 2011 \u2013 Febrero 2012"},"content":{"rendered":"\n<p class=\"has-text-align-center has-primary-color has-text-color has-large-font-size\"><a href=\"http:\/\/www.ariadnatucma.com.ar\/?p=1980\">EDITORIAL<\/a> <\/p>\n\n\n\n<p>I. PUEBLOS ORIGINARIOS Y ESTADOS NACIONALES<\/p>\n\n\n\n<div class=\"wp-block-media-text alignwide is-stacked-on-mobile\"><figure class=\"wp-block-media-text__media\"><img loading=\"lazy\" decoding=\"async\" width=\"400\" height=\"266\" src=\"http:\/\/www.ariadnatucma.com.ar\/wp-content\/uploads\/2011\/08\/Malon-01.jpg\" alt=\"\" class=\"wp-image-2157 size-full\" srcset=\"https:\/\/www.ariadnatucma.com.ar\/wp-content\/uploads\/2011\/08\/Malon-01.jpg 400w, https:\/\/www.ariadnatucma.com.ar\/wp-content\/uploads\/2011\/08\/Malon-01-300x199.jpg 300w\" sizes=\"auto, (max-width: 400px) 100vw, 400px\" \/><\/figure><div class=\"wp-block-media-text__content\">\n<p class=\"has-text-align-right has-secondary-color has-text-color has-background has-small-font-size\" style=\"background-color:#a6dcf3\"><a href=\"http:\/\/www.ariadnatucma.com.ar\/?p=2146\">Los l\u00edmites de la democratizaci\u00f3n del bienestar. El Mal\u00f3n de la Paz y la Masacre de Rinc\u00f3n Bomba. Cuando los Kolla llegaron a Buenos Aires. 1946.<\/a> B\u00e1rbara Maier <\/p>\n<\/div><\/div>\n\n\n\n<p>II. PROCESOS DE INDEPENDENCIA DE AM\u00c9RICA LATINA Y EL CARIBE<\/p>\n\n\n\n<div class=\"wp-block-media-text alignwide has-media-on-the-right is-stacked-on-mobile has-background\" style=\"background:linear-gradient(135deg,rgb(238,238,238) 58%,rgb(169,184,195) 100%)\"><div class=\"wp-block-media-text__content\">\n<p class=\"has-secondary-color has-text-color\"><a href=\"http:\/\/www.ariadnatucma.com.ar\/?p=1837\">Un Hombre llamado Sim\u00f3n Bol\u00edvar <\/a>&nbsp;<\/p>\n\n\n\n<p class=\"has-secondary-color has-text-color\">Jorge N\u00fa\u00f1ez S\u00e1nchez <\/p>\n<\/div><figure class=\"wp-block-media-text__media\"><img loading=\"lazy\" decoding=\"async\" width=\"709\" height=\"945\" src=\"http:\/\/www.ariadnatucma.com.ar\/wp-content\/uploads\/2011\/07\/Bolivar-ManoPecho-.jpg\" alt=\"Sim\u00f3n Bol\u00edvar\" class=\"wp-image-1846 size-full\" srcset=\"https:\/\/www.ariadnatucma.com.ar\/wp-content\/uploads\/2011\/07\/Bolivar-ManoPecho-.jpg 709w, https:\/\/www.ariadnatucma.com.ar\/wp-content\/uploads\/2011\/07\/Bolivar-ManoPecho--225x300.jpg 225w\" sizes=\"auto, (max-width: 709px) 100vw, 709px\" \/><\/figure><\/div>\n\n\n\n<p>III. ETNICIDAD E IDENTIDAD EN AM\u00c9RICA LATINA Y EL CARIBE<\/p>\n\n\n\n<div class=\"wp-block-media-text alignwide is-stacked-on-mobile has-very-light-gray-to-cyan-bluish-gray-gradient-background has-background\"><figure class=\"wp-block-media-text__media\"><img loading=\"lazy\" decoding=\"async\" width=\"559\" height=\"350\" src=\"http:\/\/www.ariadnatucma.com.ar\/wp-content\/uploads\/2011\/10\/Costa-Mosqu-011.jpg\" alt=\"\" class=\"wp-image-2314 size-full\" srcset=\"https:\/\/www.ariadnatucma.com.ar\/wp-content\/uploads\/2011\/10\/Costa-Mosqu-011.jpg 559w, https:\/\/www.ariadnatucma.com.ar\/wp-content\/uploads\/2011\/10\/Costa-Mosqu-011-300x187.jpg 300w\" sizes=\"auto, (max-width: 559px) 100vw, 559px\" \/><\/figure><div class=\"wp-block-media-text__content\">\n<p class=\"has-text-align-right\"><a href=\"http:\/\/www.ariadnatucma.com.ar\/?p=2312\">Africanicidad con \u201crepugnancia\u201d: los zambos y el problema de la identidad en el Caribe centroamericano.<\/a> <\/p>\n\n\n\n<p class=\"has-text-align-right\">Christian Cwik <\/p>\n<\/div><\/div>\n\n\n\n<p>IV. RELACIONES INTERNACIONALES DE AM\u00c9RICA LATINA Y EL CARIBE<\/p>\n\n\n\n<div class=\"wp-block-media-text alignwide has-media-on-the-right is-stacked-on-mobile\"><div class=\"wp-block-media-text__content\">\n<p class=\"has-secondary-color has-text-color\"><a href=\"http:\/\/www.ariadnatucma.com.ar\/?p=1738\">Las relaciones entre la Argentina y Europa Occidental. Su impacto en las relaciones exteriores de Argentina. El caso espa\u00f1ol (1990-1997)<\/a>. Norberto Aguirre &nbsp;<\/p>\n<\/div><figure class=\"wp-block-media-text__media\"><img loading=\"lazy\" decoding=\"async\" width=\"746\" height=\"533\" src=\"http:\/\/www.ariadnatucma.com.ar\/wp-content\/uploads\/2011\/04\/Maf-globo.jpg\" alt=\"\" class=\"wp-image-1741 size-full\" srcset=\"https:\/\/www.ariadnatucma.com.ar\/wp-content\/uploads\/2011\/04\/Maf-globo.jpg 746w, https:\/\/www.ariadnatucma.com.ar\/wp-content\/uploads\/2011\/04\/Maf-globo-300x214.jpg 300w\" sizes=\"auto, (max-width: 746px) 100vw, 746px\" \/><\/figure><\/div>\n\n\n\n<p>V. AM\u00c9RICA LATINA Y EL CARIBE: HISTORIA Y PRESENTE<\/p>\n\n\n\n<div class=\"wp-block-media-text alignwide is-stacked-on-mobile has-white-background-color has-background\"><figure class=\"wp-block-media-text__media\"><img loading=\"lazy\" decoding=\"async\" width=\"228\" height=\"168\" src=\"http:\/\/www.ariadnatucma.com.ar\/wp-content\/uploads\/2012\/01\/Eloy-Alfaro.jpg\" alt=\"Eloy Alfaro\" class=\"wp-image-2377 size-full\"\/><\/figure><div class=\"wp-block-media-text__content\">\n<p class=\"has-text-align-right\"><a href=\"http:\/\/www.ariadnatucma.com.ar\/?p=2376\">En el centenario de la \u201choguera b\u00e1rbara\u201d. Recordando a Eloy Alfaro, asesinado en 1912<\/a> Sergio Guerra Vilaboy <\/p>\n<\/div><\/div>\n\n\n\n<div class=\"wp-block-media-text alignwide has-media-on-the-right is-stacked-on-mobile has-very-light-gray-to-cyan-bluish-gray-gradient-background has-background\"><div class=\"wp-block-media-text__content\">\n<p class=\"has-secondary-color has-text-color\"><a href=\"http:\/\/www.ariadnatucma.com.ar\/?p=1914\">Cultura pol\u00edtica na Venezuela de Hugo Ch\u00e1vez<\/a>. Tiago Santos Salgado. <\/p>\n<\/div><figure class=\"wp-block-media-text__media\"><img loading=\"lazy\" decoding=\"async\" width=\"425\" height=\"411\" src=\"http:\/\/www.ariadnatucma.com.ar\/wp-content\/uploads\/2011\/08\/HugoChavez-2007-BCC.jpg\" alt=\"\" class=\"wp-image-1921 size-full\" srcset=\"https:\/\/www.ariadnatucma.com.ar\/wp-content\/uploads\/2011\/08\/HugoChavez-2007-BCC.jpg 425w, https:\/\/www.ariadnatucma.com.ar\/wp-content\/uploads\/2011\/08\/HugoChavez-2007-BCC-300x290.jpg 300w\" sizes=\"auto, (max-width: 425px) 100vw, 425px\" \/><\/figure><\/div>\n\n\n\n<div class=\"wp-block-media-text alignwide is-stacked-on-mobile\"><figure class=\"wp-block-media-text__media\"><img loading=\"lazy\" decoding=\"async\" width=\"151\" height=\"150\" src=\"http:\/\/www.ariadnatucma.com.ar\/wp-content\/uploads\/2019\/08\/Ariadna-web-01.jpg\" alt=\"\" class=\"wp-image-5750 size-full\" srcset=\"https:\/\/www.ariadnatucma.com.ar\/wp-content\/uploads\/2019\/08\/Ariadna-web-01.jpg 151w, https:\/\/www.ariadnatucma.com.ar\/wp-content\/uploads\/2019\/08\/Ariadna-web-01-150x150.jpg 150w\" sizes=\"auto, (max-width: 151px) 100vw, 151px\" \/><\/figure><div class=\"wp-block-media-text__content\">\n<p class=\"has-text-align-right\"><a href=\"http:\/\/www.ariadnatucma.com.ar\/?p=2835\"> La cultura del azar. El consume en el casino de masas.<\/a> Mat\u00edas Romani <\/p>\n<\/div><\/div>\n\n\n\n<p>VI. RESE\u00d1A<\/p>\n\n\n\n<div class=\"wp-block-media-text alignwide has-media-on-the-right is-stacked-on-mobile has-white-background-color has-background\"><div class=\"wp-block-media-text__content\">\n<p class=\"has-text-align-left has-dark-gray-color has-text-color\"><a href=\"http:\/\/www.ariadnatucma.com.ar\/?p=1818\">Rese\u00f1a sobre V\u00edctor Hugo Acu\u00f1a Ortega (ed.) Filibusterismo y Destino Manifiesto en las Am\u00e9ricas<\/a>. David D\u00edaz Arias <\/p>\n<\/div><figure class=\"wp-block-media-text__media\"><img loading=\"lazy\" decoding=\"async\" width=\"635\" height=\"946\" src=\"http:\/\/www.ariadnatucma.com.ar\/wp-content\/uploads\/2011\/07\/Filibusterismo0001.jpg\" alt=\"\" class=\"wp-image-1819 size-full\" srcset=\"https:\/\/www.ariadnatucma.com.ar\/wp-content\/uploads\/2011\/07\/Filibusterismo0001.jpg 635w, https:\/\/www.ariadnatucma.com.ar\/wp-content\/uploads\/2011\/07\/Filibusterismo0001-201x300.jpg 201w\" sizes=\"auto, (max-width: 635px) 100vw, 635px\" \/><\/figure><\/div>\n\n\n\n<p>VII. RECORDATORIOS<\/p>\n\n\n\n<div class=\"wp-block-media-text alignwide is-stacked-on-mobile is-image-fill-element has-background\" style=\"background:linear-gradient(135deg,rgb(255,245,203) 0%,rgb(182,227,212) 100%,rgb(51,167,181) 100%)\"><figure class=\"wp-block-media-text__media\"><img loading=\"lazy\" decoding=\"async\" width=\"504\" height=\"400\" src=\"http:\/\/www.ariadnatucma.com.ar\/wp-content\/uploads\/2011\/08\/ELETERNAUTA50aniversario.jpg\" alt=\"El Eternauta\" class=\"wp-image-2175 size-full\" style=\"object-position:0% 43%\" srcset=\"https:\/\/www.ariadnatucma.com.ar\/wp-content\/uploads\/2011\/08\/ELETERNAUTA50aniversario.jpg 504w, https:\/\/www.ariadnatucma.com.ar\/wp-content\/uploads\/2011\/08\/ELETERNAUTA50aniversario-300x238.jpg 300w\" sizes=\"auto, (max-width: 504px) 100vw, 504px\" \/><\/figure><div class=\"wp-block-media-text__content\">\n<p class=\"has-text-align-right\"><a href=\"http:\/\/www.ariadnatucma.com.ar\/?p=2174\">Recordando a Francisco Solano L\u00f3pez<\/a>.<\/p>\n<\/div><\/div>\n\n\n\n<div class=\"wp-block-media-text alignwide has-media-on-the-right is-stacked-on-mobile\"><div class=\"wp-block-media-text__content\">\n<p class=\"has-secondary-color has-text-color\"><a href=\"http:\/\/www.ariadnatucma.com.ar\/?p=2057\">El cineasta chileno Ra\u00fal Ruiz Pino fallece en Par\u00eds<\/a><\/p>\n<\/div><figure class=\"wp-block-media-text__media\"><img loading=\"lazy\" decoding=\"async\" width=\"163\" height=\"220\" src=\"http:\/\/www.ariadnatucma.com.ar\/wp-content\/uploads\/2011\/08\/Raul-Ruiz.jpg\" alt=\"\" class=\"wp-image-2059 size-full\"\/><\/figure><\/div>\n\n\n\n<p>VIII. PUBLICACIONES<\/p>\n\n\n\n<div class=\"wp-block-media-text alignwide is-stacked-on-mobile has-very-light-gray-to-cyan-bluish-gray-gradient-background has-background\"><figure class=\"wp-block-media-text__media\"><img loading=\"lazy\" decoding=\"async\" width=\"715\" height=\"1024\" src=\"http:\/\/www.ariadnatucma.com.ar\/wp-content\/uploads\/2019\/09\/Revista-El-matadero-715x1024.jpg\" alt=\"\" class=\"wp-image-6172 size-full\" srcset=\"https:\/\/www.ariadnatucma.com.ar\/wp-content\/uploads\/2019\/09\/Revista-El-matadero-715x1024.jpg 715w, https:\/\/www.ariadnatucma.com.ar\/wp-content\/uploads\/2019\/09\/Revista-El-matadero-209x300.jpg 209w, https:\/\/www.ariadnatucma.com.ar\/wp-content\/uploads\/2019\/09\/Revista-El-matadero-768x1100.jpg 768w, https:\/\/www.ariadnatucma.com.ar\/wp-content\/uploads\/2019\/09\/Revista-El-matadero.jpg 1222w\" sizes=\"auto, (max-width: 715px) 100vw, 715px\" \/><\/figure><div class=\"wp-block-media-text__content\">\n<p class=\"has-text-align-right has-secondary-color has-white-background-color has-text-color has-background\"><a href=\"http:\/\/www.ariadnatucma.com.ar\/?p=2329\">\u201cEnsayos de Transposici\u00f3n. Cine\/Literatura argentinos\u201d. FFyL UBA. Buenos Aires. Diciembre de 2011<\/a>. <\/p>\n<\/div><\/div>\n\n\n\n<div class=\"wp-block-media-text alignwide has-media-on-the-right is-stacked-on-mobile has-background\" style=\"background:linear-gradient(135deg,rgb(238,238,238) 52%,rgb(169,184,195) 100%)\"><div class=\"wp-block-media-text__content\">\n<p>\u00ab<a href=\"http:\/\/www.ariadnatucma.com.ar\/?p=2052\">Investigaci\u00f3n y Desarrollo<\/a>\u00ab, Universidad del Norte. Barranquilla Colombia  <\/p>\n<\/div><figure class=\"wp-block-media-text__media\"><img loading=\"lazy\" decoding=\"async\" width=\"151\" height=\"150\" src=\"http:\/\/www.ariadnatucma.com.ar\/wp-content\/uploads\/2019\/08\/Ariadna-web-01.jpg\" alt=\"\" class=\"wp-image-5750 size-full\" srcset=\"https:\/\/www.ariadnatucma.com.ar\/wp-content\/uploads\/2019\/08\/Ariadna-web-01.jpg 151w, https:\/\/www.ariadnatucma.com.ar\/wp-content\/uploads\/2019\/08\/Ariadna-web-01-150x150.jpg 150w\" sizes=\"auto, (max-width: 151px) 100vw, 151px\" \/><\/figure><\/div>\n\n\n\n<div class=\"wp-block-media-text alignwide is-stacked-on-mobile is-image-fill-element\"><figure class=\"wp-block-media-text__media\"><img loading=\"lazy\" decoding=\"async\" width=\"320\" height=\"453\" src=\"http:\/\/www.ariadnatucma.com.ar\/wp-content\/uploads\/2019\/09\/Projeto-Historia-40.jpg\" alt=\"\" class=\"wp-image-6173 size-full\" style=\"object-position:46% 33%\" srcset=\"https:\/\/www.ariadnatucma.com.ar\/wp-content\/uploads\/2019\/09\/Projeto-Historia-40.jpg 320w, https:\/\/www.ariadnatucma.com.ar\/wp-content\/uploads\/2019\/09\/Projeto-Historia-40-212x300.jpg 212w\" sizes=\"auto, (max-width: 320px) 100vw, 320px\" \/><\/figure><div class=\"wp-block-media-text__content\">\n<p class=\"has-text-align-right has-secondary-color has-text-color\"><a href=\"http:\/\/www.ariadnatucma.com.ar\/?p=2049 \">Revista \u201cProjeto Historia\u201d<\/a> en internet \u00faltimos n\u00fameros. PUC-SP<\/p>\n<\/div><\/div>\n\n\n\n<div class=\"wp-block-media-text alignwide has-media-on-the-right is-stacked-on-mobile is-image-fill-element has-white-background-color has-background\"><div class=\"wp-block-media-text__content\">\n<p class=\"has-text-align-left\"><a href=\"http:\/\/www.ariadnatucma.com.ar\">\u201cInsubordinaci\u00f3n o golpe. Ecuador: la trama del 30S\u201d<\/a>. Juan Paz y Mi\u00f1o Cepeda<\/p>\n<\/div><figure class=\"wp-block-media-text__media\"><img loading=\"lazy\" decoding=\"async\" width=\"479\" height=\"251\" src=\"http:\/\/www.ariadnatucma.com.ar\/wp-content\/uploads\/2011\/04\/EI-Libro_de_JPyM-Una_optica_distinta-20Abr2011_P\u00e1gina_1.jpg\" alt=\"\" class=\"wp-image-1749 size-full\" style=\"object-position:6% 52%\" srcset=\"https:\/\/www.ariadnatucma.com.ar\/wp-content\/uploads\/2011\/04\/EI-Libro_de_JPyM-Una_optica_distinta-20Abr2011_P\u00e1gina_1.jpg 479w, https:\/\/www.ariadnatucma.com.ar\/wp-content\/uploads\/2011\/04\/EI-Libro_de_JPyM-Una_optica_distinta-20Abr2011_P\u00e1gina_1-300x157.jpg 300w\" sizes=\"auto, (max-width: 479px) 100vw, 479px\" \/><\/figure><\/div>\n\n\n\n<p class=\"has-luminous-vivid-orange-color has-text-color has-huge-font-size\">\u21e6<\/p>\n\n\n\n<p><a href=\"http:\/\/www.ariadnatucma.com.ar\/?page_id=6091\">VOLVER AL INDICE<\/a><\/p>\n\n\n\n<div class=\"wp-block-group\"><div class=\"wp-block-group__inner-container is-layout-flow wp-block-group-is-layout-flow\">\n<p class=\"has-text-align-center has-text-color has-background\" style=\"color:#147aa6;background-color:#fdf7f1;font-size:16.5px\">ARIADNA TUCMA Revista Latinoamericana<\/p>\n\n\n\n<p class=\"has-text-align-center has-text-color has-background\" style=\"color:#147aa6;background-color:#fdf7f1;font-size:16.5px\">ISSN 1853-9467 <\/p>\n\n\n\n<p class=\"has-text-align-center has-text-color has-background\" style=\"color:#147aa6;background-color:#fdf7f1;font-size:16.5px\">info@ariadnatucma.com.ar<\/p>\n\n\n\n<p class=\"has-text-align-center has-text-color has-background\" style=\"color:#147aa6;background-color:#fdf7f1;font-size:16.5px\">Revista de la Asociaci\u00f3n de Historiadores Latinoamericanos y del Caribe (ADHILAC)<strong> <\/strong><\/p>\n\n\n\n<p class=\"has-text-align-center has-text-color has-background\" style=\"color:#147aa6;background-color:#fdf7f1;font-size:16.5px\">www.adhilac.com.ar <\/p>\n\n\n\n<p class=\"has-text-align-center has-text-color has-background\" style=\"color:#147aa6;background-color:#fdf7f1;font-size:16.5px\">info@adhilac.com.ar <\/p>\n\n\n\n<p class=\"has-text-align-center has-text-color has-background\" style=\"color:#147aa6;background-color:#fdf7f1;font-size:16.5px\">@AdhilacInfo<\/p>\n<\/div><\/div>\n","protected":false},"excerpt":{"rendered":"<p>EDITORIAL I. PUEBLOS ORIGINARIOS Y ESTADOS NACIONALES Los l\u00edmites de la democratizaci\u00f3n del bienestar. El Mal\u00f3n de la Paz y la Masacre de Rinc\u00f3n Bomba. Cuando los Kolla llegaron a Buenos Aires. 1946. B\u00e1rbara Maier II. PROCESOS DE INDEPENDENCIA DE AM\u00c9RICA LATINA Y EL CARIBE Un Hombre llamado Sim\u00f3n Bol\u00edvar &nbsp; Jorge N\u00fa\u00f1ez S\u00e1nchez III. &hellip; <\/p>\n<p class=\"link-more\"><a href=\"https:\/\/www.ariadnatucma.com.ar\/?page_id=6159\" class=\"more-link\">Seguir leyendo<span class=\"screen-reader-text\"> \u00abAriadna Tucma N\u00ba 6 Marzo 2011 \u2013 Febrero 2012\u00bb<\/span><\/a><\/p>\n","protected":false},"author":2,"featured_media":0,"parent":6091,"menu_order":12,"comment_status":"closed","ping_status":"closed","template":"","meta":{"footnotes":""},"class_list":["post-6159","page","type-page","status-publish","hentry","entry"],"_links":{"self":[{"href":"https:\/\/www.ariadnatucma.com.ar\/index.php?rest_route=\/wp\/v2\/pages\/6159","targetHints":{"allow":["GET"]}}],"collection":[{"href":"https:\/\/www.ariadnatucma.com.ar\/index.php?rest_route=\/wp\/v2\/pages"}],"about":[{"href":"https:\/\/www.ariadnatucma.com.ar\/index.php?rest_route=\/wp\/v2\/types\/page"}],"author":[{"embeddable":true,"href":"https:\/\/www.ariadnatucma.com.ar\/index.php?rest_route=\/wp\/v2\/users\/2"}],"replies":[{"embeddable":true,"href":"https:\/\/www.ariadnatucma.com.ar\/index.php?rest_route=%2Fwp%2Fv2%2Fcomments&post=6159"}],"version-history":[{"count":9,"href":"https:\/\/www.ariadnatucma.com.ar\/index.php?rest_route=\/wp\/v2\/pages\/6159\/revisions"}],"predecessor-version":[{"id":7871,"href":"https:\/\/www.ariadnatucma.com.ar\/index.php?rest_route=\/wp\/v2\/pages\/6159\/revisions\/7871"}],"up":[{"embeddable":true,"href":"https:\/\/www.ariadnatucma.com.ar\/index.php?rest_route=\/wp\/v2\/pages\/6091"}],"wp:attachment":[{"href":"https:\/\/www.ariadnatucma.com.ar\/index.php?rest_route=%2Fwp%2Fv2%2Fmedia&parent=6159"}],"curies":[{"name":"wp","href":"https:\/\/api.w.org\/{rel}","templated":true}]}}