{"id":6138,"date":"2019-09-17T18:57:30","date_gmt":"2019-09-17T21:57:30","guid":{"rendered":"http:\/\/www.ariadnatucma.com.ar\/?page_id=6138"},"modified":"2026-04-04T13:01:24","modified_gmt":"2026-04-04T16:01:24","slug":"ariadna-tucma-no-marzo-2010-febrero-2011","status":"publish","type":"page","link":"https:\/\/www.ariadnatucma.com.ar\/?page_id=6138","title":{"rendered":"Ariadna Tucma N\u00ba 5 Marzo 2010 \u2013 Febrero 2011"},"content":{"rendered":"\n<p class=\"has-text-align-center has-large-font-size\"><strong>   <\/strong><a href=\"http:\/\/www.ariadnatucma.com.ar\/?p=1975\">EDITORIAL<\/a><\/p>\n\n\n\n<p>I. HISTORIOGRAF\u00cdA <\/p>\n\n\n\n<div class=\"wp-block-media-text alignwide is-stacked-on-mobile\"><figure class=\"wp-block-media-text__media\"><img loading=\"lazy\" decoding=\"async\" width=\"446\" height=\"372\" src=\"http:\/\/www.ariadnatucma.com.ar\/wp-content\/uploads\/2011\/01\/Vilar-Aje-Benjamin1.jpg\" alt=\"\" class=\"wp-image-1615 size-full\"\/><\/figure><div class=\"wp-block-media-text__content\">\n<p class=\"has-text-align-right has-dark-gray-color has-text-color has-small-font-size\"> <a href=\"http:\/\/www.ariadnatucma.com.ar\/?p=1598\">Pierre Vilar y Walter Benjamin: Un esbozo de di\u00e1logo sobre la historia<\/a>. Pablo Jaitte  <\/p>\n<\/div><\/div>\n\n\n\n<p>II. HISTORIA DE EUROPA<\/p>\n\n\n\n<div class=\"wp-block-media-text alignwide has-media-on-the-right is-stacked-on-mobile is-image-fill-element\"><div class=\"wp-block-media-text__content\">\n<p class=\"has-dark-gray-color has-text-color has-small-font-size\"><a href=\"http:\/\/www.ariadnatucma.com.ar\/?p=998\">Esclavitud, esclavismo y desarrollo t\u00e9cnico (I)<\/a> <\/p>\n\n\n\n<p class=\"has-dark-gray-color has-text-color has-small-font-size\">Nicol\u00e1s Kogan &nbsp;<\/p>\n<\/div><figure class=\"wp-block-media-text__media\"><img loading=\"lazy\" decoding=\"async\" width=\"340\" height=\"644\" src=\"http:\/\/www.ariadnatucma.com.ar\/wp-content\/uploads\/2010\/11\/JarronGriego1-Berlin.jpg\" alt=\"\" class=\"wp-image-1003 size-full\" style=\"object-position:54% 59%\"\/><\/figure><\/div>\n\n\n\n<div class=\"wp-block-media-text alignwide is-stacked-on-mobile is-image-fill-element\"><figure class=\"wp-block-media-text__media\"><img loading=\"lazy\" decoding=\"async\" width=\"340\" height=\"790\" src=\"http:\/\/www.ariadnatucma.com.ar\/wp-content\/uploads\/2010\/11\/JarronGriego2-Berlin.jpg\" alt=\"\" class=\"wp-image-1006 size-full\" style=\"object-position:55% 60%\"\/><\/figure><div class=\"wp-block-media-text__content\">\n<p class=\"has-text-align-right has-dark-gray-color has-text-color has-small-font-size\"><a href=\"http:\/\/www.ariadnatucma.com.ar\/?p=1005\">Esclavitud, esclavismo y desarrollo t\u00e9cnico (II)<\/a> <\/p>\n\n\n\n<p class=\"has-text-align-right has-dark-gray-color has-text-color has-small-font-size\">Nicol\u00e1s Kogan  <\/p>\n<\/div><\/div>\n\n\n\n<div class=\"wp-block-media-text alignwide has-media-on-the-right is-stacked-on-mobile is-image-fill-element\"><div class=\"wp-block-media-text__content\">\n<p class=\"has-dark-gray-color has-text-color has-small-font-size\"><a href=\"http:\/\/www.ariadnatucma.com.ar\/?p=1011 \">Esclavitud, esclavismo y desarrollo t\u00e9cnico (III)<\/a> <\/p>\n\n\n\n<p class=\"has-dark-gray-color has-text-color has-small-font-size\">Nicol\u00e1s Kogan <\/p>\n<\/div><figure class=\"wp-block-media-text__media\"><img loading=\"lazy\" decoding=\"async\" width=\"340\" height=\"623\" src=\"http:\/\/www.ariadnatucma.com.ar\/wp-content\/uploads\/2010\/11\/Est-Grec-1-Berlin.jpg\" alt=\"\" class=\"wp-image-1012 size-full\" style=\"object-position:51% 0%\"\/><\/figure><\/div>\n\n\n\n<p>III. HISTORIA DE AM\u00c9RICA LATINA Y EL CARIBE <\/p>\n\n\n\n<div class=\"wp-block-media-text alignwide is-stacked-on-mobile\"><figure class=\"wp-block-media-text__media\"><img loading=\"lazy\" decoding=\"async\" width=\"500\" height=\"373\" src=\"http:\/\/www.ariadnatucma.com.ar\/wp-content\/uploads\/2010\/12\/EmilianoyEufemioZapata-Esposas.jpg\" alt=\"\" class=\"wp-image-1398 size-full\"\/><\/figure><div class=\"wp-block-media-text__content\">\n<p class=\"has-text-align-right has-dark-gray-color has-white-background-color has-text-color has-background has-small-font-size\"> <a href=\"http:\/\/www.ariadnatucma.com.ar\/?p=1388 \">Redes Familiares Zapatistas Otras miradas sobre la Revoluci\u00f3n Mexicana.<\/a> In\u00e9s Yujnovsky <\/p>\n<\/div><\/div>\n\n\n\n<div class=\"wp-block-media-text alignwide is-stacked-on-mobile is-image-fill-element\"><figure class=\"wp-block-media-text__media\"><img loading=\"lazy\" decoding=\"async\" width=\"394\" height=\"509\" src=\"http:\/\/www.ariadnatucma.com.ar\/wp-content\/uploads\/2011\/02\/Marti-JL-Cudina.jpg\" alt=\"\" class=\"wp-image-1640 size-full\" style=\"object-position:50% 50%\"\/><\/figure><div class=\"wp-block-media-text__content\">\n<p class=\"has-text-align-right has-white-color has-text-color has-small-font-size\"><a href=\"http:\/\/www.ariadnatucma.com.ar\/?p=1637\">La guerra hispano-cubana. Historia y literaturaCuba: 1898- 1923. La Historia y su reflejo en la novela<\/a>. <\/p>\n\n\n\n<p class=\"has-text-align-right has-dark-gray-color has-text-color has-small-font-size\">Yutnelis Ben\u00edtez&nbsp; M\u00e1rquez.<\/p>\n<\/div><\/div>\n\n\n\n<p>IV. CIENCIAS SOCIALES<\/p>\n\n\n\n<div class=\"wp-block-media-text alignwide has-media-on-the-right is-stacked-on-mobile\"><div class=\"wp-block-media-text__content\">\n<p class=\"has-dark-gray-color has-text-color has-small-font-size\"><a href=\"http:\/\/www.ariadnatucma.com.ar\/?p=1523\">La disciplina escolar desde el pensamiento pedag\u00f3gico en Cuba, 1793-1898<\/a>. <\/p>\n\n\n\n<p class=\"has-dark-gray-color has-text-color has-small-font-size\">Yoel Cordov\u00ed N\u00fa\u00f1ez.<\/p>\n<\/div><figure class=\"wp-block-media-text__media\"><img loading=\"lazy\" decoding=\"async\" width=\"608\" height=\"686\" src=\"http:\/\/www.ariadnatucma.com.ar\/wp-content\/uploads\/2011\/01\/PapelPeriodHavana-01.jpg\" alt=\"\" class=\"wp-image-1547 size-full\"\/><\/figure><\/div>\n\n\n\n<div class=\"wp-block-media-text alignwide is-stacked-on-mobile is-image-fill-element\"><figure class=\"wp-block-media-text__media\"><img loading=\"lazy\" decoding=\"async\" width=\"500\" height=\"332\" src=\"http:\/\/www.ariadnatucma.com.ar\/wp-content\/uploads\/2010\/11\/Gazprom.jpg\" alt=\"\" class=\"wp-image-964 size-full\" style=\"object-position:50% 50%\"\/><\/figure><div class=\"wp-block-media-text__content\">\n<p class=\"has-text-align-right has-dark-gray-color has-text-color has-small-font-size\"> <a href=\"http:\/\/www.ariadnatucma.com.ar\/?p=802\">Rusia y Ucrania: dos dependencias. El gas y la paz en Europa<\/a>. <\/p>\n\n\n\n<p class=\"has-text-align-right has-dark-gray-color has-text-color has-small-font-size\">Laszlo Palotas.  <\/p>\n<\/div><\/div>\n\n\n\n<div class=\"wp-block-media-text alignwide has-media-on-the-right is-stacked-on-mobile\"><div class=\"wp-block-media-text__content\">\n<p class=\"has-dark-gray-color has-text-color has-small-font-size\"><a href=\"http:\/\/www.ariadnatucma.com.ar\/?p=1422 \">\u00ab<\/a><a href=\"http:\/\/www.ariadnatucma.com.ar\/?p=1584 \"> Representaciones y control social en fiestas populares: el \u201cCarnaval de los Locos Bajitos\u201d en la ciudad de Rafaela (Argentina).<\/a> <\/p>\n\n\n\n<p class=\"has-dark-gray-color has-text-color has-small-font-size\">Mar\u00eda Cecilia Tonon y Claudio Stepffer.<\/p>\n<\/div><figure class=\"wp-block-media-text__media\"><img loading=\"lazy\" decoding=\"async\" width=\"425\" height=\"317\" src=\"http:\/\/www.ariadnatucma.com.ar\/wp-content\/uploads\/2011\/01\/Carnaval01-2.jpg\" alt=\"\" class=\"wp-image-1590 size-full\"\/><\/figure><\/div>\n\n\n\n<p>V. ARTE, CULTURA E HISTORIA<\/p>\n\n\n\n<div class=\"wp-block-media-text alignwide is-stacked-on-mobile\" style=\"grid-template-columns:32% auto\"><figure class=\"wp-block-media-text__media\"><img loading=\"lazy\" decoding=\"async\" width=\"238\" height=\"425\" src=\"http:\/\/www.ariadnatucma.com.ar\/wp-content\/uploads\/2010\/08\/DSC01459.jpg\" alt=\"\" class=\"wp-image-6161 size-full\" srcset=\"https:\/\/www.ariadnatucma.com.ar\/wp-content\/uploads\/2010\/08\/DSC01459.jpg 238w, https:\/\/www.ariadnatucma.com.ar\/wp-content\/uploads\/2010\/08\/DSC01459-168x300.jpg 168w\" sizes=\"auto, (max-width: 238px) 100vw, 238px\" \/><\/figure><div class=\"wp-block-media-text__content\">\n<p class=\"has-text-align-right has-dark-gray-color has-text-color has-small-font-size\"><a href=\"http:\/\/www.ariadnatucma.com.ar\/?p=2113\">La Edad Media y el cine: una visi\u00f3n sobre el Estado y la sociedad I<\/a>. Norberto Aguirre<\/p>\n<\/div><\/div>\n\n\n\n<div class=\"wp-block-media-text alignwide has-media-on-the-right is-stacked-on-mobile is-image-fill-element has-very-light-gray-to-cyan-bluish-gray-gradient-background has-background\"><div class=\"wp-block-media-text__content\">\n<p class=\"has-dark-gray-color has-text-color has-small-font-size\"><a href=\"http:\/\/ http:\/\/www.ariadnatucma.com.ar\/?p=2105 \">La Edad Media y el cine: una visi\u00f3n sobre el Estado y la sociedad II<\/a> Norberto Aguirre.<\/p>\n<\/div><figure class=\"wp-block-media-text__media\"><img loading=\"lazy\" decoding=\"async\" width=\"1024\" height=\"768\" src=\"http:\/\/www.ariadnatucma.com.ar\/wp-content\/uploads\/2011\/08\/Castillo-Urquhart-1024x768.jpg\" alt=\"\" class=\"wp-image-2106 size-full\" style=\"object-position:50% 50%\" srcset=\"https:\/\/www.ariadnatucma.com.ar\/wp-content\/uploads\/2011\/08\/Castillo-Urquhart-1024x768.jpg 1024w, https:\/\/www.ariadnatucma.com.ar\/wp-content\/uploads\/2011\/08\/Castillo-Urquhart-300x225.jpg 300w\" sizes=\"auto, (max-width: 1024px) 100vw, 1024px\" \/><\/figure><\/div>\n\n\n\n<p class=\"has-text-align-left\">VI. RESE\u00d1AS <\/p>\n\n\n\n<div class=\"wp-block-media-text alignwide is-stacked-on-mobile is-image-fill-element\"><figure class=\"wp-block-media-text__media\"><img loading=\"lazy\" decoding=\"async\" width=\"394\" height=\"541\" src=\"http:\/\/www.ariadnatucma.com.ar\/wp-content\/uploads\/2011\/01\/Franc-Madero03-21.jpg\" alt=\"\" class=\"wp-image-1423 size-full\" style=\"object-position:50% 6%\"\/><\/figure><div class=\"wp-block-media-text__content\">\n<p class=\"has-text-align-right has-dark-gray-color has-text-color has-small-font-size\"><a href=\"http:\/\/www.ariadnatucma.com.ar\/?p=1422\">El Centenario de la Revoluci\u00f3n Mexicana y J.M. Villalpando. Rese\u00f1a.<\/a> Feliciano Garc\u00eda Aguirre<\/p>\n<\/div><\/div>\n\n\n\n<div class=\"wp-block-media-text alignwide has-media-on-the-right is-stacked-on-mobile is-image-fill-element\"><div class=\"wp-block-media-text__content\">\n<p class=\"has-small-font-size\"><a href=\"https:\/\/www.ariadnatucma.com.ar\/?p=1670\">\u00abJugar con fuego\u00bb de Sergio Guerra Vilaboy\u00bb<\/a>. Pedro Pablo Rodr\u00edguez.<\/p>\n<\/div><figure class=\"wp-block-media-text__media\"><img loading=\"lazy\" decoding=\"async\" width=\"532\" height=\"776\" src=\"http:\/\/www.ariadnatucma.com.ar\/wp-content\/uploads\/2011\/03\/cubierta-Jugar-Ven02.jpg\" alt=\"\" class=\"wp-image-1706 size-full\" style=\"object-position:29% 13%\" srcset=\"https:\/\/www.ariadnatucma.com.ar\/wp-content\/uploads\/2011\/03\/cubierta-Jugar-Ven02.jpg 532w, https:\/\/www.ariadnatucma.com.ar\/wp-content\/uploads\/2011\/03\/cubierta-Jugar-Ven02-205x300.jpg 205w\" sizes=\"auto, (max-width: 532px) 100vw, 532px\" \/><\/figure><\/div>\n\n\n\n<p>VII. RECORDATORIOS<\/p>\n\n\n\n<div class=\"wp-block-media-text alignwide is-stacked-on-mobile is-image-fill-element\"><figure class=\"wp-block-media-text__media\"><img loading=\"lazy\" decoding=\"async\" width=\"425\" height=\"796\" src=\"http:\/\/www.ariadnatucma.com.ar\/wp-content\/uploads\/2011\/01\/LaHabanaVieja0262.jpg\" alt=\"\" class=\"wp-image-1531 size-full\" style=\"object-position:54% 44%\"\/><\/figure><div class=\"wp-block-media-text__content\">\n<p class=\"has-text-align-right has-dark-gray-color has-text-color has-small-font-size\"><a href=\"http:\/\/www.ariadnatucma.com.ar\/?p=1530\">Recordando a Nicol\u00e1s Guill\u00e9n (1902-1989). Ritmo y color del poeta cubano.<\/a> <\/p>\n\n\n\n<p class=\"has-text-align-right has-dark-gray-color has-text-color has-small-font-size\">Carolina Crisorio<\/p>\n<\/div><\/div>\n\n\n\n<div class=\"wp-block-media-text alignwide has-media-on-the-right is-stacked-on-mobile is-image-fill-element\"><div class=\"wp-block-media-text__content\">\n<p class=\"has-dark-gray-color has-text-color has-small-font-size\"><a href=\"http:\/\/www.ariadnatucma.com.ar\/?p=1195\">Los sue\u00f1os de Berni. Recordando a Antonio Berni (1905, 1981).<\/a> <\/p>\n\n\n\n<p class=\"has-dark-gray-color has-text-color has-small-font-size\">Carolina Crisorio.<\/p>\n<\/div><figure class=\"wp-block-media-text__media\"><img loading=\"lazy\" decoding=\"async\" width=\"361\" height=\"560\" src=\"http:\/\/www.ariadnatucma.com.ar\/wp-content\/uploads\/2010\/12\/Juanito-ciruja-1978.jpg\" alt=\"\" class=\"wp-image-1199 size-full\" style=\"object-position:54% 40%\"\/><\/figure><\/div>\n\n\n\n<div class=\"wp-block-media-text alignwide has-media-on-the-right is-stacked-on-mobile is-image-fill-element\"><div class=\"wp-block-media-text__content\">\n<p class=\"has-dark-gray-color has-text-color has-small-font-size\">Jorge Enrique El\u00edas Caro.<\/p>\n\n\n\n<p class=\"has-dark-gray-color has-text-color has-small-font-size\"><a href=\"http:\/\/Caro.  http:\/\/www.ariadnatucma.com.ar\/?p=1164\"> Historia Integraci\u00f3n y fronteras en el Caribe: nuevas visiones.<\/a> <\/p>\n<\/div><figure class=\"wp-block-media-text__media\"><img loading=\"lazy\" decoding=\"async\" width=\"567\" height=\"406\" src=\"http:\/\/www.ariadnatucma.com.ar\/wp-content\/uploads\/2010\/11\/Mar-Caribe-01.jpg\" alt=\"\" class=\"wp-image-1167 size-full\" style=\"object-position:77% 58%\"\/><\/figure><\/div>\n\n\n\n<p class=\"has-text-color has-huge-font-size has-luminous-vivid-orange-color\">\u21e6<\/p>\n\n\n\n<p><a href=\"http:\/\/www.ariadnatucma.com.ar\/?page_id=6091\">Volver al INDICE<\/a><\/p>\n\n\n\n<p class=\"has-text-align-center has-text-color has-background\" style=\"color:#147aa6;background-color:#fdf7f1;font-size:16.5px\">ARIADNA TUCMA Revista Latinoamericana<\/p>\n\n\n\n<p class=\"has-text-align-center has-text-color has-background\" style=\"color:#147aa6;background-color:#fdf7f1;font-size:16.5px\">ISSN 1853-9467 <\/p>\n\n\n\n<p class=\"has-text-align-center has-text-color has-background\" style=\"color:#147aa6;background-color:#fdf7f1;font-size:16.5px\">info@ariadnatucma.com.ar<\/p>\n\n\n\n<p class=\"has-text-align-center has-text-color has-background\" style=\"color:#147aa6;background-color:#fdf7f1;font-size:16.5px\">Revista de la Asociaci\u00f3n de Historiadores Latinoamericanos y del Caribe (ADHILAC)<strong> <\/strong><\/p>\n\n\n\n<p class=\"has-text-align-center has-text-color has-background\" style=\"color:#147aa6;background-color:#fdf7f1;font-size:16.5px\">www.adhilac.com.ar <\/p>\n\n\n\n<p class=\"has-text-align-center has-text-color has-background\" style=\"color:#147aa6;background-color:#fdf7f1;font-size:16.5px\">info@adhilac.com.ar <\/p>\n\n\n\n<p class=\"has-text-align-center has-text-color has-background\" style=\"color:#147aa6;background-color:#fdf7f1;font-size:16.5px\">@AdhilacInfo<\/p>\n","protected":false},"excerpt":{"rendered":"<p>EDITORIAL I. HISTORIOGRAF\u00cdA Pierre Vilar y Walter Benjamin: Un esbozo de di\u00e1logo sobre la historia. Pablo Jaitte II. HISTORIA DE EUROPA Esclavitud, esclavismo y desarrollo t\u00e9cnico (I) Nicol\u00e1s Kogan &nbsp; Esclavitud, esclavismo y desarrollo t\u00e9cnico (II) Nicol\u00e1s Kogan Esclavitud, esclavismo y desarrollo t\u00e9cnico (III) Nicol\u00e1s Kogan III. HISTORIA DE AM\u00c9RICA LATINA Y EL CARIBE Redes &hellip; <\/p>\n<p class=\"link-more\"><a href=\"https:\/\/www.ariadnatucma.com.ar\/?page_id=6138\" class=\"more-link\">Seguir leyendo<span class=\"screen-reader-text\"> \u00abAriadna Tucma N\u00ba 5 Marzo 2010 \u2013 Febrero 2011\u00bb<\/span><\/a><\/p>\n","protected":false},"author":2,"featured_media":0,"parent":6091,"menu_order":13,"comment_status":"closed","ping_status":"closed","template":"","meta":{"footnotes":""},"class_list":["post-6138","page","type-page","status-publish","hentry","entry"],"_links":{"self":[{"href":"https:\/\/www.ariadnatucma.com.ar\/index.php?rest_route=\/wp\/v2\/pages\/6138","targetHints":{"allow":["GET"]}}],"collection":[{"href":"https:\/\/www.ariadnatucma.com.ar\/index.php?rest_route=\/wp\/v2\/pages"}],"about":[{"href":"https:\/\/www.ariadnatucma.com.ar\/index.php?rest_route=\/wp\/v2\/types\/page"}],"author":[{"embeddable":true,"href":"https:\/\/www.ariadnatucma.com.ar\/index.php?rest_route=\/wp\/v2\/users\/2"}],"replies":[{"embeddable":true,"href":"https:\/\/www.ariadnatucma.com.ar\/index.php?rest_route=%2Fwp%2Fv2%2Fcomments&post=6138"}],"version-history":[{"count":29,"href":"https:\/\/www.ariadnatucma.com.ar\/index.php?rest_route=\/wp\/v2\/pages\/6138\/revisions"}],"predecessor-version":[{"id":7866,"href":"https:\/\/www.ariadnatucma.com.ar\/index.php?rest_route=\/wp\/v2\/pages\/6138\/revisions\/7866"}],"up":[{"embeddable":true,"href":"https:\/\/www.ariadnatucma.com.ar\/index.php?rest_route=\/wp\/v2\/pages\/6091"}],"wp:attachment":[{"href":"https:\/\/www.ariadnatucma.com.ar\/index.php?rest_route=%2Fwp%2Fv2%2Fmedia&parent=6138"}],"curies":[{"name":"wp","href":"https:\/\/api.w.org\/{rel}","templated":true}]}}